{"id":16982,"date":"2025-12-18T12:40:54","date_gmt":"2025-12-18T17:40:54","guid":{"rendered":"https:\/\/tachuela.mx\/?page_id=16982"},"modified":"2025-12-30T14:13:57","modified_gmt":"2025-12-30T19:13:57","slug":"blog","status":"publish","type":"page","link":"https:\/\/tachuela.mx\/en\/blog\/","title":{"rendered":"Blog"},"content":{"rendered":"\t\t<div data-elementor-type=\"wp-page\" data-elementor-id=\"16982\" class=\"elementor elementor-16982 elementor-16450\" data-elementor-post-type=\"page\">\n\t\t\t\t<div class=\"elementor-element elementor-element-7d209cc e-flex e-con-boxed e-con e-parent\" data-id=\"7d209cc\" data-element_type=\"container\">\n\t\t\t\t\t<div class=\"e-con-inner\">\n\t\t\t\t<div class=\"elementor-element elementor-element-394daab elementor-widget elementor-widget-heading\" data-id=\"394daab\" data-element_type=\"widget\" data-widget_type=\"heading.default\">\n\t\t\t\t<div class=\"elementor-widget-container\">\n\t\t\t\t\t<h2 class=\"elementor-heading-title elementor-size-default\">Blog<\/h2>\t\t\t\t<\/div>\n\t\t\t\t<\/div>\n\t\t\t\t\t<\/div>\n\t\t\t\t<\/div>\n\t\t<div class=\"elementor-element elementor-element-d60c1ce e-flex e-con-boxed e-con e-parent\" data-id=\"d60c1ce\" data-element_type=\"container\">\n\t\t\t\t\t<div class=\"e-con-inner\">\n\t\t\t\t<div class=\"elementor-element elementor-element-1556224 elementor-posts__hover-none elementor-grid-3 elementor-grid-tablet-2 elementor-grid-mobile-1 elementor-posts--thumbnail-top elementor-card-shadow-yes elementor-widget elementor-widget-posts\" data-id=\"1556224\" data-element_type=\"widget\" data-settings=\"{&quot;pagination_type&quot;:&quot;numbers_and_prev_next&quot;,&quot;cards_columns&quot;:&quot;3&quot;,&quot;cards_columns_tablet&quot;:&quot;2&quot;,&quot;cards_columns_mobile&quot;:&quot;1&quot;,&quot;cards_row_gap&quot;:{&quot;unit&quot;:&quot;px&quot;,&quot;size&quot;:35,&quot;sizes&quot;:[]},&quot;cards_row_gap_tablet&quot;:{&quot;unit&quot;:&quot;px&quot;,&quot;size&quot;:&quot;&quot;,&quot;sizes&quot;:[]},&quot;cards_row_gap_mobile&quot;:{&quot;unit&quot;:&quot;px&quot;,&quot;size&quot;:&quot;&quot;,&quot;sizes&quot;:[]}}\" data-widget_type=\"posts.cards\">\n\t\t\t\t<div class=\"elementor-widget-container\">\n\t\t\t\t\t\t\t<div class=\"elementor-posts-container elementor-posts elementor-posts--skin-cards elementor-grid\" role=\"list\">\n\t\t\t\t<article class=\"elementor-post elementor-grid-item post-17544 post type-post status-publish format-standard has-post-thumbnail hentry category-uncategorized\" role=\"listitem\">\n\t\t\t<div class=\"elementor-post__card\">\n\t\t\t\t<a class=\"elementor-post__thumbnail__link\" href=\"https:\/\/tachuela.mx\/en\/blog\/companies-that-use-ai-in-their-strategic-marketing\/\" tabindex=\"-1\" ><div class=\"elementor-post__thumbnail\"><img fetchpriority=\"high\" decoding=\"async\" width=\"768\" height=\"534\" src=\"https:\/\/tachuela.mx\/wp-content\/uploads\/2025\/07\/Portada-de-Blogs-1-768x534.png\" class=\"attachment-medium_large size-medium_large wp-image-14710\" alt=\"Mano humana y mano rob\u00f3tica d\u00e1ndose la mano, simbolizando el uso de IA en marketing estrat\u00e9gico por empresas.\" srcset=\"https:\/\/tachuela.mx\/wp-content\/uploads\/2025\/07\/Portada-de-Blogs-1-768x534.png 768w, https:\/\/tachuela.mx\/wp-content\/uploads\/2025\/07\/Portada-de-Blogs-1-300x208.png 300w, https:\/\/tachuela.mx\/wp-content\/uploads\/2025\/07\/Portada-de-Blogs-1-480x334.png 480w, https:\/\/tachuela.mx\/wp-content\/uploads\/2025\/07\/Portada-de-Blogs-1.png 770w\" sizes=\"(max-width: 768px) 100vw, 768px\" \/><\/div><\/a>\n\t\t\t\t<div class=\"elementor-post__text\">\n\t\t\t\t<h3 class=\"elementor-post__title\">\n\t\t\t<a href=\"https:\/\/tachuela.mx\/en\/blog\/companies-that-use-ai-in-their-strategic-marketing\/\" >\n\t\t\t\tCompanies that use AI in their strategic marketing.\t\t\t<\/a>\n\t\t<\/h3>\n\t\t\n\t\t<a class=\"elementor-post__read-more\" href=\"https:\/\/tachuela.mx\/en\/blog\/companies-that-use-ai-in-their-strategic-marketing\/\" aria-label=\"Read more about Companies that use AI in their strategic marketing.\" tabindex=\"-1\" >\n\t\t\tRead more \u00bb\t\t<\/a>\n\n\t\t\t\t<\/div>\n\t\t\t\t<div class=\"elementor-post__meta-data\">\n\t\t\t\t\t<span class=\"elementor-post-date\">\n\t\t\t26 de December de 2025\t\t<\/span>\n\t\t\t\t<span class=\"elementor-post-avatar\">\n\t\t\tNo Comments\t\t<\/span>\n\t\t\t\t<\/div>\n\t\t\t\t\t<\/div>\n\t\t<\/article>\n\t\t\t\t<\/div>\n\t\t\n\t\t\t\t\t\t<\/div>\n\t\t\t\t<\/div>\n\t\t\t\t\t<\/div>\n\t\t\t\t<\/div>\n\t\t\t\t<\/div>\n\t\t","protected":false},"excerpt":{"rendered":"<p>Blog<\/p>\n","protected":false},"author":1,"featured_media":0,"parent":0,"menu_order":0,"comment_status":"closed","ping_status":"closed","template":"elementor_header_footer","meta":{"footnotes":""},"class_list":["post-16982","page","type-page","status-publish","hentry"],"acf":[],"_links":{"self":[{"href":"https:\/\/tachuela.mx\/en\/wp-json\/wp\/v2\/pages\/16982","targetHints":{"allow":["GET"]}}],"collection":[{"href":"https:\/\/tachuela.mx\/en\/wp-json\/wp\/v2\/pages"}],"about":[{"href":"https:\/\/tachuela.mx\/en\/wp-json\/wp\/v2\/types\/page"}],"author":[{"embeddable":true,"href":"https:\/\/tachuela.mx\/en\/wp-json\/wp\/v2\/users\/1"}],"replies":[{"embeddable":true,"href":"https:\/\/tachuela.mx\/en\/wp-json\/wp\/v2\/comments?post=16982"}],"version-history":[{"count":5,"href":"https:\/\/tachuela.mx\/en\/wp-json\/wp\/v2\/pages\/16982\/revisions"}],"predecessor-version":[{"id":17547,"href":"https:\/\/tachuela.mx\/en\/wp-json\/wp\/v2\/pages\/16982\/revisions\/17547"}],"wp:attachment":[{"href":"https:\/\/tachuela.mx\/en\/wp-json\/wp\/v2\/media?parent=16982"}],"curies":[{"name":"wp","href":"https:\/\/api.w.org\/{rel}","templated":true}]}}