{"id":17453,"date":"2025-12-29T13:59:51","date_gmt":"2025-12-29T18:59:51","guid":{"rendered":"https:\/\/tachuela.mx\/?page_id=17453"},"modified":"2025-12-31T11:52:45","modified_gmt":"2025-12-31T16:52:45","slug":"macao","status":"publish","type":"page","link":"https:\/\/tachuela.mx\/en\/success-stories\/macao\/","title":{"rendered":"Macao Sports Bets &#038; Casino"},"content":{"rendered":"\t\t<div data-elementor-type=\"wp-page\" data-elementor-id=\"17453\" class=\"elementor elementor-17453 elementor-17245\" data-elementor-post-type=\"page\">\n\t\t\t\t<div class=\"elementor-element elementor-element-6ea8488 e-flex e-con-boxed e-con e-parent\" data-id=\"6ea8488\" data-element_type=\"container\">\n\t\t\t\t\t<div class=\"e-con-inner\">\n\t\t<div class=\"elementor-element elementor-element-82e7bb3 e-con-full e-flex e-con e-child\" data-id=\"82e7bb3\" data-element_type=\"container\">\n\t\t\t\t<div class=\"elementor-element elementor-element-0af1d1c elementor-widget elementor-widget-heading\" data-id=\"0af1d1c\" data-element_type=\"widget\" data-widget_type=\"heading.default\">\n\t\t\t\t<div class=\"elementor-widget-container\">\n\t\t\t\t\t<h2 class=\"elementor-heading-title elementor-size-default\">Macao\nCasino<\/h2>\t\t\t\t<\/div>\n\t\t\t\t<\/div>\n\t\t\t\t<\/div>\n\t\t<div class=\"elementor-element elementor-element-77958df e-con-full e-flex e-con e-child\" data-id=\"77958df\" data-element_type=\"container\">\n\t\t\t\t<div class=\"elementor-element elementor-element-e337833 elementor-widget elementor-widget-heading\" data-id=\"e337833\" data-element_type=\"widget\" data-widget_type=\"heading.default\">\n\t\t\t\t<div class=\"elementor-widget-container\">\n\t\t\t\t\t<h2 class=\"elementor-heading-title elementor-size-default\">Acerca del Proyecto<\/h2>\t\t\t\t<\/div>\n\t\t\t\t<\/div>\n\t\t\t\t<div class=\"elementor-element elementor-element-ed431cf elementor-widget elementor-widget-heading\" data-id=\"ed431cf\" data-element_type=\"widget\" data-widget_type=\"heading.default\">\n\t\t\t\t<div class=\"elementor-widget-container\">\n\t\t\t\t\t<h2 class=\"elementor-heading-title elementor-size-default\">360 marketing integral\n\n<\/h2>\t\t\t\t<\/div>\n\t\t\t\t<\/div>\n\t\t\t\t<div class=\"elementor-element elementor-element-bdef363 icons elementor-widget elementor-widget-html\" data-id=\"bdef363\" data-element_type=\"widget\" data-widget_type=\"html.default\">\n\t\t\t\t<div class=\"elementor-widget-container\">\n\t\t\t\t\t<div class=\"icon-wrapper\">\r\n  <div class=\"icon icon-1\">\r\n  \t<i class=\"icon-multichannel\"><\/i>\r\n  <\/div>\r\n  <div class=\"icon icon-2\">\r\n  \t<i class=\"icon-planeacion-estrategica\"> <\/i>\r\n  <\/div>\r\n  <div class=\"icon icon-3\">\r\n  \t<i class=\"icon-content\"><\/i><\/div>\r\n  <\/div>\r\n  \r\n\r\n\t\t\t\t<\/div>\n\t\t\t\t<\/div>\n\t\t\t\t<\/div>\n\t\t\t\t\t<\/div>\n\t\t\t\t<\/div>\n\t\t<div class=\"elementor-element elementor-element-023b91b e-grid e-con-boxed e-con e-parent\" data-id=\"023b91b\" data-element_type=\"container\">\n\t\t\t\t\t<div class=\"e-con-inner\">\n\t\t<div class=\"elementor-element elementor-element-87b5126 e-con-full e-flex e-con e-child\" data-id=\"87b5126\" data-element_type=\"container\">\n\t\t\t\t<div class=\"elementor-element elementor-element-57a7651 elementor-widget elementor-widget-text-editor\" data-id=\"57a7651\" data-element_type=\"widget\" data-widget_type=\"text-editor.default\">\n\t\t\t\t<div class=\"elementor-widget-container\">\n\t\t\t\t\t\t\t\t\t<p>Tachuela ayud\u00f3 a Macao Casino a dominar el mercado de entretenimiento en Canc\u00fan<\/p><p>En Tachuela, estamos muy orgullosos de haber trabajado con Macao Casino en Canc\u00fan en el desarrollo de una estrategia de marketing integral que ayud\u00f3 a la marca a dominar el mercado de entretenimiento en el destino tur\u00edstico m\u00e1s importante de M\u00e9xico. En este caso de \u00e9xito, compartiremos algunos detalles sobre c\u00f3mo lo logramos.<\/p><p>En primer lugar, definimos tres metas principales para la estrategia:<\/p><ul style=\"margin-left: 20px; list-style-type: disc;\"><li>\u00a0 \u00a0 \u00a0 \u00a0\u00a0Posicionar la marca Macao Casino en la ciudad de Canc\u00fan.<\/li><li>\u00a0 \u00a0 \u00a0 \u00a0\u00a0Promocionar el casino a los turistas.<\/li><li>\u00a0 \u00a0 \u00a0 \u00a0\u00a0Captar clientes locales.<\/li><\/ul><div>\u00a0<\/div><p>Para lograr estas metas, implementamos una estrategia multicanal que incluy\u00f3 esfuerzos online y offline.<\/p><p>En el \u00e1mbito online, desarrollamos una estrategia de SEO (Search Engine Optimization) para asegurarnos de que la p\u00e1gina web de Macao Casino estuviera en los primeros resultados de b\u00fasqueda en Google.<\/p><p>Implementamos una estrategia SEM (Search Engine Marketing). Creamos tres micro audiencias espec\u00edficas de acuerdo al tipo de productos que ofrece Macao y utilizamos diferentes Google y Meta Ads para llegar a cada una de ellas de manera efectiva.<\/p>\t\t\t\t\t\t\t\t<\/div>\n\t\t\t\t<\/div>\n\t\t\t\t<\/div>\n\t\t<div class=\"elementor-element elementor-element-4353af6 e-con-full e-flex e-con e-child\" data-id=\"4353af6\" data-element_type=\"container\">\n\t\t\t\t<div class=\"elementor-element elementor-element-0497d84 elementor-widget elementor-widget-text-editor\" data-id=\"0497d84\" data-element_type=\"widget\" data-widget_type=\"text-editor.default\">\n\t\t\t\t<div class=\"elementor-widget-container\">\n\t\t\t\t\t\t\t\t\t<p>Se crearon videos de YouTube que mostraban la experiencia de juego en el casino, segmentados por micro audiencias seg\u00fan sus preferencias de juego.<\/p><p>En el \u00e1mbito offline, rotulamos un cami\u00f3n tur\u00edstico con la imagen de Macao y colocamos espectaculares en lugares estrat\u00e9gicos de la ciudad. Tambi\u00e9n creamos materiales de venta para los conserjes de hoteles y un spot de radio que se transmiti\u00f3 en las estaciones locales. Para asegurarnos de que estos esfuerzos offline fueran efectivos, implementamos c\u00f3digos QR para medir los resultados.<\/p><p>Finalmente, trabajamos de la mano con Sign Factory para crear Photo Opportunities que llamaran la atenci\u00f3n de las personas que pasan caminando por la calle y as\u00ed, invitarlas a visitar el casino)<\/p><p>En resumen, nuestra estrategia multicanal, combinada con un enfoque en SEO, SEM y contenido espec\u00edfico para micro audiencias, logr\u00f3 posicionar a Macao Casino como el principal destino de entretenimiento en Canc\u00fan. Esperamos que estos consejos puedan ser \u00fatiles para su pr\u00f3xima estrategia de marketing.<\/p>\t\t\t\t\t\t\t\t<\/div>\n\t\t\t\t<\/div>\n\t\t\t\t<\/div>\n\t\t\t\t\t<\/div>\n\t\t\t\t<\/div>\n\t\t<div class=\"elementor-element elementor-element-1f2444a e-flex e-con-boxed e-con e-parent\" data-id=\"1f2444a\" data-element_type=\"container\">\n\t\t\t\t\t<div class=\"e-con-inner\">\n\t\t\t\t<div class=\"elementor-element elementor-element-78da4fd elementor-widget elementor-widget-video\" data-id=\"78da4fd\" data-element_type=\"widget\" data-settings=\"{&quot;video_type&quot;:&quot;vimeo&quot;,&quot;autoplay&quot;:&quot;yes&quot;,&quot;play_on_mobile&quot;:&quot;yes&quot;,&quot;mute&quot;:&quot;yes&quot;,&quot;loop&quot;:&quot;yes&quot;}\" data-widget_type=\"video.default\">\n\t\t\t\t<div class=\"elementor-widget-container\">\n\t\t\t\t\t\t\t<div class=\"elementor-wrapper elementor-open-inline\">\n\t\t\t<iframe class=\"elementor-video-iframe\" allowfullscreen allow=\"autoplay\" title=\"vimeo Video Player\" src=\"https:\/\/player.vimeo.com\/video\/841323072?autoplay=1&amp;playsinline=1&amp;color&amp;autopause=0&amp;loop=1&amp;muted=1&amp;title=1&amp;portrait=1&amp;byline=1#t=\"><\/iframe>\t\t<\/div>\n\t\t\t\t\t\t<\/div>\n\t\t\t\t<\/div>\n\t\t\t\t\t<\/div>\n\t\t\t\t<\/div>\n\t\t\t\t<\/div>\n\t\t","protected":false},"excerpt":{"rendered":"","protected":false},"author":1,"featured_media":0,"parent":16830,"menu_order":0,"comment_status":"closed","ping_status":"closed","template":"elementor_header_footer","meta":{"footnotes":""},"class_list":["post-17453","page","type-page","status-publish","hentry"],"acf":[],"_links":{"self":[{"href":"https:\/\/tachuela.mx\/en\/wp-json\/wp\/v2\/pages\/17453","targetHints":{"allow":["GET"]}}],"collection":[{"href":"https:\/\/tachuela.mx\/en\/wp-json\/wp\/v2\/pages"}],"about":[{"href":"https:\/\/tachuela.mx\/en\/wp-json\/wp\/v2\/types\/page"}],"author":[{"embeddable":true,"href":"https:\/\/tachuela.mx\/en\/wp-json\/wp\/v2\/users\/1"}],"replies":[{"embeddable":true,"href":"https:\/\/tachuela.mx\/en\/wp-json\/wp\/v2\/comments?post=17453"}],"version-history":[{"count":1,"href":"https:\/\/tachuela.mx\/en\/wp-json\/wp\/v2\/pages\/17453\/revisions"}],"predecessor-version":[{"id":17454,"href":"https:\/\/tachuela.mx\/en\/wp-json\/wp\/v2\/pages\/17453\/revisions\/17454"}],"up":[{"embeddable":true,"href":"https:\/\/tachuela.mx\/en\/wp-json\/wp\/v2\/pages\/16830"}],"wp:attachment":[{"href":"https:\/\/tachuela.mx\/en\/wp-json\/wp\/v2\/media?parent=17453"}],"curies":[{"name":"wp","href":"https:\/\/api.w.org\/{rel}","templated":true}]}}