{"id":17455,"date":"2025-12-29T13:31:17","date_gmt":"2025-12-29T18:31:17","guid":{"rendered":"https:\/\/tachuela.mx\/?page_id=17455"},"modified":"2025-12-30T11:48:06","modified_gmt":"2025-12-30T16:48:06","slug":"kocare","status":"publish","type":"page","link":"https:\/\/tachuela.mx\/en\/success-stories\/kocare\/","title":{"rendered":"Kocare"},"content":{"rendered":"\t\t<div data-elementor-type=\"wp-page\" data-elementor-id=\"17455\" class=\"elementor elementor-17455 elementor-17232\" data-elementor-post-type=\"page\">\n\t\t\t\t<div class=\"elementor-element elementor-element-5ba20a2 e-flex e-con-boxed e-con e-parent\" data-id=\"5ba20a2\" data-element_type=\"container\">\n\t\t\t\t\t<div class=\"e-con-inner\">\n\t\t<div class=\"elementor-element elementor-element-9eafef0 e-con-full e-flex e-con e-child\" data-id=\"9eafef0\" data-element_type=\"container\">\n\t\t\t\t<div class=\"elementor-element elementor-element-0bde419 elementor-widget elementor-widget-heading\" data-id=\"0bde419\" data-element_type=\"widget\" data-widget_type=\"heading.default\">\n\t\t\t\t<div class=\"elementor-widget-container\">\n\t\t\t\t\t<h2 class=\"elementor-heading-title elementor-size-default\">Kocare Beauty.com<\/h2>\t\t\t\t<\/div>\n\t\t\t\t<\/div>\n\t\t\t\t<\/div>\n\t\t<div class=\"elementor-element elementor-element-9dc0461 e-con-full e-flex e-con e-child\" data-id=\"9dc0461\" data-element_type=\"container\">\n\t\t\t\t<div class=\"elementor-element elementor-element-22f5096 elementor-widget elementor-widget-heading\" data-id=\"22f5096\" data-element_type=\"widget\" data-widget_type=\"heading.default\">\n\t\t\t\t<div class=\"elementor-widget-container\">\n\t\t\t\t\t<h2 class=\"elementor-heading-title elementor-size-default\">Acerca del Proyecto<\/h2>\t\t\t\t<\/div>\n\t\t\t\t<\/div>\n\t\t\t\t<div class=\"elementor-element elementor-element-f21a6c9 elementor-widget elementor-widget-heading\" data-id=\"f21a6c9\" data-element_type=\"widget\" data-widget_type=\"heading.default\">\n\t\t\t\t<div class=\"elementor-widget-container\">\n\t\t\t\t\t<h2 class=\"elementor-heading-title elementor-size-default\">Performance Marketing\n\n<\/h2>\t\t\t\t<\/div>\n\t\t\t\t<\/div>\n\t\t\t\t<div class=\"elementor-element elementor-element-2ba32c3 icons elementor-widget elementor-widget-html\" data-id=\"2ba32c3\" data-element_type=\"widget\" data-widget_type=\"html.default\">\n\t\t\t\t<div class=\"elementor-widget-container\">\n\t\t\t\t\t<div class=\"icon-wrapper\">\r\n  <div class=\"icon icon-1\">\r\n  \t<i class=\"icon-multichannel\"><\/i>\r\n  <\/div>\r\n  <div class=\"icon icon-2\">\r\n  \t<i class=\"icon-planeacion-estrategica\"> <\/i>\r\n  <\/div>\r\n  <div class=\"icon icon-3\">\r\n  \t<i class=\"icon-content\"><\/i><\/div>\r\n  <\/div>\r\n  \r\n\r\n\t\t\t\t<\/div>\n\t\t\t\t<\/div>\n\t\t\t\t<\/div>\n\t\t\t\t\t<\/div>\n\t\t\t\t<\/div>\n\t\t<div class=\"elementor-element elementor-element-7a908ac e-grid e-con-boxed e-con e-parent\" data-id=\"7a908ac\" data-element_type=\"container\">\n\t\t\t\t\t<div class=\"e-con-inner\">\n\t\t<div class=\"elementor-element elementor-element-cf12d29 e-con-full e-flex e-con e-child\" data-id=\"cf12d29\" data-element_type=\"container\">\n\t\t\t\t<div class=\"elementor-element elementor-element-ca71482 elementor-widget elementor-widget-text-editor\" data-id=\"ca71482\" data-element_type=\"widget\" data-widget_type=\"text-editor.default\">\n\t\t\t\t<div class=\"elementor-widget-container\">\n\t\t\t\t\t\t\t\t\tKocare Beauty es una marca innovadora en el sector de la belleza, que se ha destacado por comercializar productos de origen coreanos y asi\u00e1ticos. Con un enfoque en el comercio electr\u00f3nico, la empresa se ha propuesto alcanzar a sus clientes potenciales mediante estrategias publicitarias integradas, aprovechando plataformas como Facebook Ads, Google Ads y Shopify. \n\nNuestra misi\u00f3n no solo fue aumentar las ventas, sino tambi\u00e9n generar una experiencia de usuario diferenciada y de alta calidad.\n\n\t\t\t\t\t\t\t\t<\/div>\n\t\t\t\t<\/div>\n\t\t\t\t<\/div>\n\t\t<div class=\"elementor-element elementor-element-53c51f7 e-con-full e-flex e-con e-child\" data-id=\"53c51f7\" data-element_type=\"container\">\n\t\t\t\t<div class=\"elementor-element elementor-element-193cecf elementor-widget elementor-widget-text-editor\" data-id=\"193cecf\" data-element_type=\"widget\" data-widget_type=\"text-editor.default\">\n\t\t\t\t<div class=\"elementor-widget-container\">\n\t\t\t\t\t\t\t\t\t<p>Frente a un mercado en constante evoluci\u00f3n y desaf\u00edos, Kocare Beauty apost\u00f3 por una gesti\u00f3n anal\u00edtica minuciosa y un enfoque orientado a la optimizaci\u00f3n de cada peso invertido en publicidad. La estrategia implementada en 2021 no solo busc\u00f3 incrementar el n\u00famero de conversiones y el valor de las transacciones, sino tambi\u00e9n mejorar la eficiencia en la asignaci\u00f3n del presupuesto, demostrando que una buena planificaci\u00f3n y seguimiento pueden marcar la diferencia en la rentabilidad y el crecimiento del negocio.<\/p>\t\t\t\t\t\t\t\t<\/div>\n\t\t\t\t<\/div>\n\t\t\t\t<\/div>\n\t\t\t\t\t<\/div>\n\t\t\t\t<\/div>\n\t\t<div class=\"elementor-element elementor-element-7895d94 e-flex e-con-boxed e-con e-parent\" data-id=\"7895d94\" data-element_type=\"container\">\n\t\t\t\t\t<div class=\"e-con-inner\">\n\t\t\t\t<div class=\"elementor-element elementor-element-203ca5b elementor-widget elementor-widget-heading\" data-id=\"203ca5b\" data-element_type=\"widget\" data-widget_type=\"heading.default\">\n\t\t\t\t<div class=\"elementor-widget-container\">\n\t\t\t\t\t<h2 class=\"elementor-heading-title elementor-size-default\">Puntos Clave \n<\/h2>\t\t\t\t<\/div>\n\t\t\t\t<\/div>\n\t\t\t\t<div class=\"elementor-element elementor-element-b6c1775 elementor-widget elementor-widget-text-editor\" data-id=\"b6c1775\" data-element_type=\"widget\" data-widget_type=\"text-editor.default\">\n\t\t\t\t<div class=\"elementor-widget-container\">\n\t\t\t\t\t\t\t\t\t<ul>\n \t<li aria-level=\"1\"><b>Conversiones y Ventas:<\/b>\n<ul>\n \t<li aria-level=\"2\">Se obtuvieron 1,236 conversiones en el eCommerce.<\/li>\n \t<li aria-level=\"2\">Se aumentaron los ingresos del sitio web en un 40% comparaci\u00f3n con 2020.<\/li>\n<\/ul>\n<\/li>\n \t<li aria-level=\"1\"><b>Alcance y Engagement:<\/b>\n<ul>\n \t<li aria-level=\"2\">Generaci\u00f3n de 20,500,000 impresiones.<\/li>\n \t<li aria-level=\"2\">Obtenci\u00f3n de 116,900 clics en el sitio web.<\/li>\n<\/ul>\n<\/li>\n \t<li aria-level=\"1\"><b>Rendimiento en Publicidad Digital:<\/b>\n<ul>\n \t<li aria-level=\"2\">Meta Ads fue el medio \u00f3ptimo para conversiones,<\/li>\n \t<li aria-level=\"2\">Google Ads contribuy\u00f3 de manera significativa, complementando la estrategia multicanal.<\/li>\n<\/ul>\n<\/li>\n \t<li aria-level=\"1\"><b>Eficiencia en Costos:<\/b>\n<ul>\n \t<li aria-level=\"2\">Se disminuye el costo por clic (CPC) en m\u00e1s de un 20%.<\/li>\n \t<li aria-level=\"2\">Gesti\u00f3n del presupuesto con un incremento de $226,818 MXN, que se tradujo en mayores ingresos.<\/li>\n<\/ul>\n<\/li>\n<\/ul>\t\t\t\t\t\t\t\t<\/div>\n\t\t\t\t<\/div>\n\t\t\t\t<div class=\"elementor-element elementor-element-462e3ae elementor-widget elementor-widget-heading\" data-id=\"462e3ae\" data-element_type=\"widget\" data-widget_type=\"heading.default\">\n\t\t\t\t<div class=\"elementor-widget-container\">\n\t\t\t\t\t<h2 class=\"elementor-heading-title elementor-size-default\">Desarrollo\n<\/h2>\t\t\t\t<\/div>\n\t\t\t\t<\/div>\n\t\t\t\t<div class=\"elementor-element elementor-element-897f8f9 elementor-widget elementor-widget-text-editor\" data-id=\"897f8f9\" data-element_type=\"widget\" data-widget_type=\"text-editor.default\">\n\t\t\t\t<div class=\"elementor-widget-container\">\n\t\t\t\t\t\t\t\t\t<ul><li aria-level=\"1\">En el 2021, Kocare Beauty inici\u00f3 una nueva etapa en su estrategia digital, donde su transformaci\u00f3n se centr\u00f3 en tres pilares fundamentales: la integraci\u00f3n de plataformas, la optimizaci\u00f3n del presupuesto y la adaptaci\u00f3n ante cambios en el entorno digital.<\/li><\/ul>\t\t\t\t\t\t\t\t<\/div>\n\t\t\t\t<\/div>\n\t\t\t\t<div class=\"elementor-element elementor-element-6d332e4 elementor-widget elementor-widget-heading\" data-id=\"6d332e4\" data-element_type=\"widget\" data-widget_type=\"heading.default\">\n\t\t\t\t<div class=\"elementor-widget-container\">\n\t\t\t\t\t<h2 class=\"elementor-heading-title elementor-size-default\">Estrategia Integrada y Uso de Plataformas\n<\/h2>\t\t\t\t<\/div>\n\t\t\t\t<\/div>\n\t\t\t\t<div class=\"elementor-element elementor-element-610f53b elementor-widget elementor-widget-text-editor\" data-id=\"610f53b\" data-element_type=\"widget\" data-widget_type=\"text-editor.default\">\n\t\t\t\t<div class=\"elementor-widget-container\">\n\t\t\t\t\t\t\t\t\tEl primer paso fue la consolidaci\u00f3n de datos y la implementaci\u00f3n de un sistema de seguimiento que permitiera integrar la informaci\u00f3n proveniente de distintas fuentes: MetaAds, Google Ads y Shopify. Gracias a esta integraci\u00f3n, la empresa pudo tener una visi\u00f3n hol\u00edstica del comportamiento de sus clientes y ajustar sus campa\u00f1as en tiempo real.\n\nEn particular, la plataforma de Meta Ads se destac\u00f3 como el canal principal para la generaci\u00f3n de conversiones. Aunque en abril del 2021 la actualizaci\u00f3n de iOS14 impact\u00f3 la exactitud de los datos publicitarios, la estrategia se ajust\u00f3 de manera \u00e1gil para seguir capturando el inter\u00e9s del p\u00fablico. De esta forma, se lograron subir las conversiones \u00fanicamente a trav\u00e9s de Facebook, lo que represent\u00f3 un gran impulso para las ventas y permiti\u00f3 generar un valor de conversi\u00f3n de m\u00e1s de 1 mill\u00f3n de pesos.\n\nLa sinergia generada entre el uso de las plataformas nos ayud\u00f3 a subir el porcentaje de conversi\u00f3n en los canales digitales entre medios, lo cual permiti\u00f3 diversificar el riesgo y maximizar el alcance.\t\t\t\t\t\t\t\t<\/div>\n\t\t\t\t<\/div>\n\t\t\t\t<div class=\"elementor-element elementor-element-fa421b1 elementor-widget elementor-widget-heading\" data-id=\"fa421b1\" data-element_type=\"widget\" data-widget_type=\"heading.default\">\n\t\t\t\t<div class=\"elementor-widget-container\">\n\t\t\t\t\t<h2 class=\"elementor-heading-title elementor-size-default\">Optimizaci\u00f3n del Presupuesto y Resultados Financieros\n<\/h2>\t\t\t\t<\/div>\n\t\t\t\t<\/div>\n\t\t\t\t<div class=\"elementor-element elementor-element-11a5800 elementor-widget elementor-widget-text-editor\" data-id=\"11a5800\" data-element_type=\"widget\" data-widget_type=\"text-editor.default\">\n\t\t\t\t<div class=\"elementor-widget-container\">\n\t\t\t\t\t\t\t\t\t<p>Uno de los aspectos m\u00e1s destacados del caso fue la optimizaci\u00f3n del CPA (Costo por Adquisici\u00f3n). Durante el 2021, se logr\u00f3 mantener un CPA promedio de la industria.<\/p><p>La gesti\u00f3n cuidadosa del presupuesto permiti\u00f3 asignar recursos a los canales con mayor potencial, priorizando a Facebook Ads y adapt\u00e1ndose r\u00e1pidamente a las condiciones cambiantes del mercado digital.<\/p>\t\t\t\t\t\t\t\t<\/div>\n\t\t\t\t<\/div>\n\t\t\t\t<div class=\"elementor-element elementor-element-c6bf375 elementor-widget elementor-widget-heading\" data-id=\"c6bf375\" data-element_type=\"widget\" data-widget_type=\"heading.default\">\n\t\t\t\t<div class=\"elementor-widget-container\">\n\t\t\t\t\t<h2 class=\"elementor-heading-title elementor-size-default\">Impacto en el comportamiento del usuario y engagement\n<\/h2>\t\t\t\t<\/div>\n\t\t\t\t<\/div>\n\t\t\t\t<div class=\"elementor-element elementor-element-a65ecc0 elementor-widget elementor-widget-text-editor\" data-id=\"a65ecc0\" data-element_type=\"widget\" data-widget_type=\"text-editor.default\">\n\t\t\t\t<div class=\"elementor-widget-container\">\n\t\t\t\t\t\t\t\t\t<p>El rendimiento de la estrategia digital no solo se refleja en las cifras de ventas, sino tambi\u00e9n en el alcance y el engagement logrado. Durante el a\u00f1o, se registraron m\u00e1s de 20,500,000 impresiones y 116,900 clics en el sitio web, lo que evidenci\u00f3 una alta capacidad para captar la atenci\u00f3n del p\u00fablico objetivo. Estas m\u00e9tricas son cruciales para demostrar la efectividad de la campa\u00f1a, ya que un mayor n\u00famero de impresiones y clics indica un amplio alcance y una s\u00f3lida presencia de marca.<\/p>\t\t\t\t\t\t\t\t<\/div>\n\t\t\t\t<\/div>\n\t\t\t\t<div class=\"elementor-element elementor-element-45e69b1 elementor-widget elementor-widget-heading\" data-id=\"45e69b1\" data-element_type=\"widget\" data-widget_type=\"heading.default\">\n\t\t\t\t<div class=\"elementor-widget-container\">\n\t\t\t\t\t<h2 class=\"elementor-heading-title elementor-size-default\">Conclusi\u00f3n y poyecci\u00f3n a futuro\n<\/h2>\t\t\t\t<\/div>\n\t\t\t\t<\/div>\n\t\t\t\t<div class=\"elementor-element elementor-element-683761a elementor-widget elementor-widget-text-editor\" data-id=\"683761a\" data-element_type=\"widget\" data-widget_type=\"text-editor.default\">\n\t\t\t\t<div class=\"elementor-widget-container\">\n\t\t\t\t\t\t\t\t\t<p>El desempe\u00f1o de Kocare Beauty resalta la importancia de contar con una estrategia digital bien integrada y orientada a resultados. La combinaci\u00f3n de plataformas, la optimizaci\u00f3n del presupuesto y la adaptabilidad frente a desaf\u00edos tecnol\u00f3gicos han permitido alcanzar resultados significativos: un crecimiento en el n\u00famero de conversiones, un incremento sustancial en los ingresos y un manejo eficiente del CPA.<\/p><p>Es muy general, pon algo como que una inversi\u00f3n para una empresa en crecimiento, bien enfocada genera buen ROI y crecimiento para las utilidades de la empresa.<\/p>\t\t\t\t\t\t\t\t<\/div>\n\t\t\t\t<\/div>\n\t\t\t\t\t<\/div>\n\t\t\t\t<\/div>\n\t\t<div class=\"elementor-element elementor-element-e584dca e-flex e-con-boxed e-con e-parent\" data-id=\"e584dca\" data-element_type=\"container\">\n\t\t\t\t\t<div class=\"e-con-inner\">\n\t\t\t\t<div class=\"elementor-element elementor-element-bd6d43e elementor-widget elementor-widget-video\" data-id=\"bd6d43e\" data-element_type=\"widget\" data-settings=\"{&quot;video_type&quot;:&quot;vimeo&quot;,&quot;autoplay&quot;:&quot;yes&quot;,&quot;play_on_mobile&quot;:&quot;yes&quot;,&quot;mute&quot;:&quot;yes&quot;,&quot;loop&quot;:&quot;yes&quot;}\" data-widget_type=\"video.default\">\n\t\t\t\t<div class=\"elementor-widget-container\">\n\t\t\t\t\t\t\t<div class=\"elementor-wrapper elementor-open-inline\">\n\t\t\t<iframe class=\"elementor-video-iframe\" allowfullscreen allow=\"autoplay\" title=\"vimeo Video Player\" src=\"https:\/\/player.vimeo.com\/video\/841323072?autoplay=1&amp;playsinline=1&amp;color&amp;autopause=0&amp;loop=1&amp;muted=1&amp;title=1&amp;portrait=1&amp;byline=1#t=\"><\/iframe>\t\t<\/div>\n\t\t\t\t\t\t<\/div>\n\t\t\t\t<\/div>\n\t\t\t\t\t<\/div>\n\t\t\t\t<\/div>\n\t\t\t\t<\/div>\n\t\t","protected":false},"excerpt":{"rendered":"","protected":false},"author":1,"featured_media":0,"parent":16830,"menu_order":0,"comment_status":"closed","ping_status":"closed","template":"elementor_header_footer","meta":{"footnotes":""},"class_list":["post-17455","page","type-page","status-publish","hentry"],"acf":[],"_links":{"self":[{"href":"https:\/\/tachuela.mx\/en\/wp-json\/wp\/v2\/pages\/17455","targetHints":{"allow":["GET"]}}],"collection":[{"href":"https:\/\/tachuela.mx\/en\/wp-json\/wp\/v2\/pages"}],"about":[{"href":"https:\/\/tachuela.mx\/en\/wp-json\/wp\/v2\/types\/page"}],"author":[{"embeddable":true,"href":"https:\/\/tachuela.mx\/en\/wp-json\/wp\/v2\/users\/1"}],"replies":[{"embeddable":true,"href":"https:\/\/tachuela.mx\/en\/wp-json\/wp\/v2\/comments?post=17455"}],"version-history":[{"count":2,"href":"https:\/\/tachuela.mx\/en\/wp-json\/wp\/v2\/pages\/17455\/revisions"}],"predecessor-version":[{"id":17457,"href":"https:\/\/tachuela.mx\/en\/wp-json\/wp\/v2\/pages\/17455\/revisions\/17457"}],"up":[{"embeddable":true,"href":"https:\/\/tachuela.mx\/en\/wp-json\/wp\/v2\/pages\/16830"}],"wp:attachment":[{"href":"https:\/\/tachuela.mx\/en\/wp-json\/wp\/v2\/media?parent=17455"}],"curies":[{"name":"wp","href":"https:\/\/api.w.org\/{rel}","templated":true}]}}