{"id":17458,"date":"2025-12-26T11:58:32","date_gmt":"2025-12-26T16:58:32","guid":{"rendered":"https:\/\/tachuela.mx\/?page_id=17458"},"modified":"2025-12-30T11:49:58","modified_gmt":"2025-12-30T16:49:58","slug":"aicme-real-estate-developer","status":"publish","type":"page","link":"https:\/\/tachuela.mx\/en\/success-stories\/aicme-real-estate-developer\/","title":{"rendered":"AICME Real Estate Developer"},"content":{"rendered":"\t\t<div data-elementor-type=\"wp-page\" data-elementor-id=\"17458\" class=\"elementor elementor-17458 elementor-17026\" data-elementor-post-type=\"page\">\n\t\t\t\t<div class=\"elementor-element elementor-element-3ffd267 e-flex e-con-boxed e-con e-parent\" data-id=\"3ffd267\" data-element_type=\"container\">\n\t\t\t\t\t<div class=\"e-con-inner\">\n\t\t<div class=\"elementor-element elementor-element-bac69df e-con-full e-flex e-con e-child\" data-id=\"bac69df\" data-element_type=\"container\">\n\t\t\t\t<div class=\"elementor-element elementor-element-d0bb38d elementor-widget elementor-widget-heading\" data-id=\"d0bb38d\" data-element_type=\"widget\" data-widget_type=\"heading.default\">\n\t\t\t\t<div class=\"elementor-widget-container\">\n\t\t\t\t\t<h2 class=\"elementor-heading-title elementor-size-default\">AICME\nInmobiliaria<\/h2>\t\t\t\t<\/div>\n\t\t\t\t<\/div>\n\t\t\t\t<\/div>\n\t\t<div class=\"elementor-element elementor-element-004feba e-con-full e-flex e-con e-child\" data-id=\"004feba\" data-element_type=\"container\">\n\t\t\t\t<div class=\"elementor-element elementor-element-69e5292 elementor-widget elementor-widget-heading\" data-id=\"69e5292\" data-element_type=\"widget\" data-widget_type=\"heading.default\">\n\t\t\t\t<div class=\"elementor-widget-container\">\n\t\t\t\t\t<h2 class=\"elementor-heading-title elementor-size-default\">Acerca del Proyecto<\/h2>\t\t\t\t<\/div>\n\t\t\t\t<\/div>\n\t\t\t\t<div class=\"elementor-element elementor-element-e044919 elementor-widget elementor-widget-heading\" data-id=\"e044919\" data-element_type=\"widget\" data-widget_type=\"heading.default\">\n\t\t\t\t<div class=\"elementor-widget-container\">\n\t\t\t\t\t<h2 class=\"elementor-heading-title elementor-size-default\">Branding y Lead generation<\/h2>\t\t\t\t<\/div>\n\t\t\t\t<\/div>\n\t\t\t\t<div class=\"elementor-element elementor-element-61496c8 icons elementor-widget elementor-widget-html\" data-id=\"61496c8\" data-element_type=\"widget\" data-widget_type=\"html.default\">\n\t\t\t\t<div class=\"elementor-widget-container\">\n\t\t\t\t\t<div class=\"icon-wrapper\">\r\n  <div class=\"icon icon-1\">\r\n  \t<i class=\"icon-multichannel\"><\/i>\r\n  <\/div>\r\n  <div class=\"icon icon-2\">\r\n  \t<i class=\"icon-planeacion-estrategica\"> <\/i>\r\n  <\/div>\r\n  <div class=\"icon icon-3\">\r\n  \t<i class=\"icon-content\"><\/i><\/div>\r\n  <\/div>\r\n  \r\n\r\n\t\t\t\t<\/div>\n\t\t\t\t<\/div>\n\t\t\t\t<\/div>\n\t\t\t\t\t<\/div>\n\t\t\t\t<\/div>\n\t\t<div class=\"elementor-element elementor-element-c744744 e-grid e-con-boxed e-con e-parent\" data-id=\"c744744\" data-element_type=\"container\">\n\t\t\t\t\t<div class=\"e-con-inner\">\n\t\t<div class=\"elementor-element elementor-element-d9309ac e-con-full e-flex e-con e-child\" data-id=\"d9309ac\" data-element_type=\"container\">\n\t\t\t\t<div class=\"elementor-element elementor-element-9d5b98b elementor-widget elementor-widget-heading\" data-id=\"9d5b98b\" data-element_type=\"widget\" data-widget_type=\"heading.default\">\n\t\t\t\t<div class=\"elementor-widget-container\">\n\t\t\t\t\t<h2 class=\"elementor-heading-title elementor-size-default\">Transformando la presencia digital y el rendimiento de un l\u00edder inmobiliario en Canc\u00fan<\/h2>\t\t\t\t<\/div>\n\t\t\t\t<\/div>\n\t\t\t\t<div class=\"elementor-element elementor-element-d7d2b5b elementor-widget elementor-widget-heading\" data-id=\"d7d2b5b\" data-element_type=\"widget\" data-widget_type=\"heading.default\">\n\t\t\t\t<div class=\"elementor-widget-container\">\n\t\t\t\t\t<h2 class=\"elementor-heading-title elementor-size-default\">Acerca de AICME<\/h2>\t\t\t\t<\/div>\n\t\t\t\t<\/div>\n\t\t\t\t<div class=\"elementor-element elementor-element-07a481c elementor-widget elementor-widget-text-editor\" data-id=\"07a481c\" data-element_type=\"widget\" data-widget_type=\"text-editor.default\">\n\t\t\t\t<div class=\"elementor-widget-container\">\n\t\t\t\t\t\t\t\t\t<p>Con m\u00e1s de 15 a\u00f1os en el mercado,\u00a0AICME Desarrolladora Inmobiliaria\u00a0es reconocida por su experiencia en estrategias de inversi\u00f3n y expansi\u00f3n inmobiliaria. Su portafolio abarca desarrollos habitacionales, residenciales, mixtos y proyectos de lujo bajo su exclusiva l\u00ednea \u00abThe Palm\u00bb, ofreciendo m\u00e9todos de inversi\u00f3n innovadores y amenidades que superan las expectativas del mercado.<\/p>\t\t\t\t\t\t\t\t<\/div>\n\t\t\t\t<\/div>\n\t\t\t\t<div class=\"elementor-element elementor-element-68b0add elementor-widget elementor-widget-heading\" data-id=\"68b0add\" data-element_type=\"widget\" data-widget_type=\"heading.default\">\n\t\t\t\t<div class=\"elementor-widget-container\">\n\t\t\t\t\t<h2 class=\"elementor-heading-title elementor-size-default\">Los Retos<\/h2>\t\t\t\t<\/div>\n\t\t\t\t<\/div>\n\t\t\t\t<div class=\"elementor-element elementor-element-ecee13a elementor-widget elementor-widget-text-editor\" data-id=\"ecee13a\" data-element_type=\"widget\" data-widget_type=\"text-editor.default\">\n\t\t\t\t<div class=\"elementor-widget-container\">\n\t\t\t\t\t\t\t\t\t<p>AICME buscaba:<\/p><ul style=\"margin-left: 20px; list-style-type: disc;\"><li><b>Potenciar su\u00a0<b>branding y awareness<\/b>\u00a0en Canc\u00fan y la Riviera Maya.<\/b><\/li><li><b>Generar leads calificados<\/b>\u00a0a trav\u00e9s de una mayor presencia en mercados locales y for\u00e1neos.<\/li><li><b>Consolidar su posicionamiento online<\/b>, incluyendo su l\u00ednea de lujo \u00abThe Palm\u00bb.<\/li><\/ul>\t\t\t\t\t\t\t\t<\/div>\n\t\t\t\t<\/div>\n\t\t\t\t<\/div>\n\t\t<div class=\"elementor-element elementor-element-4766016 e-con-full e-flex e-con e-child\" data-id=\"4766016\" data-element_type=\"container\">\n\t\t\t\t<div class=\"elementor-element elementor-element-0019585 elementor-widget elementor-widget-heading\" data-id=\"0019585\" data-element_type=\"widget\" data-widget_type=\"heading.default\">\n\t\t\t\t<div class=\"elementor-widget-container\">\n\t\t\t\t\t<h2 class=\"elementor-heading-title elementor-size-default\">La Estrategia\n<\/h2>\t\t\t\t<\/div>\n\t\t\t\t<\/div>\n\t\t\t\t<div class=\"elementor-element elementor-element-09a8b98 elementor-widget elementor-widget-text-editor\" data-id=\"09a8b98\" data-element_type=\"widget\" data-widget_type=\"text-editor.default\">\n\t\t\t\t<div class=\"elementor-widget-container\">\n\t\t\t\t\t\t\t\t\t<p>Para abordar los retos de AICME y alcanzar sus objetivos de branding, generaci\u00f3n de leads y consolidaci\u00f3n en el mercado inmobiliario, dise\u00f1amos una estrategia integral enfocada en optimizar su presencia digital y maximizar el impacto de cada interacci\u00f3n con su p\u00fablico objetivo.<\/p><p>Con un enfoque centrado en resultados y basado en datos, nuestras acciones se enfocaron en conectar la marca con clientes potenciales locales y for\u00e1neos, aprovechando herramientas avanzadas y t\u00e1cticas comprobadas.<\/p><ol style=\"margin-left: 20px; list-style-type: number;\"><li aria-level=\"1\"><b>SEO Local y Org\u00e1nico:<\/b>\u00a0Mejora del posicionamiento en palabras clave estrat\u00e9gicas como \u00abdesarrollos en Canc\u00fan\u00bb.<\/li><li aria-level=\"1\"><b>Campa\u00f1as PPC:<\/b>\u00a0Foco en el alcance efectivo con costos de adquisici\u00f3n competitivos.<\/li><li aria-level=\"1\"><b>Branding y Redise\u00f1o Web:<\/b>\u00a0Una presencia digital renovada que refleja los valores y proyectos exclusivos de AICME.<\/li><li aria-level=\"1\"><b>Implementaci\u00f3n de Chatbots:<\/b>\u00a0Mejora de la interacci\u00f3n y captaci\u00f3n de clientes potenciales de los canales digitales disponibles.<\/li><li aria-level=\"1\"><b>Herramientas Anal\u00edticas:<\/b>\u00a0Uso de\u00a0<b>Google Ads<\/b>,<b>\u00a0AHREF<\/b>,\u00a0<b>SEMrush<\/b>,\u00a0<b>Google Analytics<\/b>\u00a0y\u00a0<b>Yandex Metrica<\/b>\u00a0para optimizar resultados.<\/li><\/ol>\t\t\t\t\t\t\t\t<\/div>\n\t\t\t\t<\/div>\n\t\t\t\t<\/div>\n\t\t\t\t\t<\/div>\n\t\t\t\t<\/div>\n\t\t<div class=\"elementor-element elementor-element-2ce95a0 e-flex e-con-boxed e-con e-parent\" data-id=\"2ce95a0\" data-element_type=\"container\">\n\t\t\t\t\t<div class=\"e-con-inner\">\n\t\t\t\t<div class=\"elementor-element elementor-element-c48015f elementor-arrows-position-inside elementor-pagination-position-outside elementor-widget elementor-widget-image-carousel\" data-id=\"c48015f\" data-element_type=\"widget\" data-settings=\"{&quot;slides_to_show&quot;:&quot;1&quot;,&quot;navigation&quot;:&quot;both&quot;,&quot;autoplay&quot;:&quot;yes&quot;,&quot;pause_on_hover&quot;:&quot;yes&quot;,&quot;pause_on_interaction&quot;:&quot;yes&quot;,&quot;autoplay_speed&quot;:5000,&quot;infinite&quot;:&quot;yes&quot;,&quot;effect&quot;:&quot;slide&quot;,&quot;speed&quot;:500}\" data-widget_type=\"image-carousel.default\">\n\t\t\t\t<div class=\"elementor-widget-container\">\n\t\t\t\t\t\t\t<div class=\"elementor-image-carousel-wrapper swiper\" role=\"region\" aria-roledescription=\"carousel\" aria-label=\"Carrusel de im\u00e1genes\" dir=\"ltr\">\n\t\t\t<div class=\"elementor-image-carousel swiper-wrapper\" aria-live=\"off\">\n\t\t\t\t\t\t\t\t<div class=\"swiper-slide\" role=\"group\" aria-roledescription=\"slide\" aria-label=\"1 of 7\"><figure class=\"swiper-slide-inner\"><img decoding=\"async\" class=\"swiper-slide-image\" src=\"https:\/\/tachuela.mx\/wp-content\/uploads\/2025\/12\/1-768x432.webp\" alt=\"1\" \/><\/figure><\/div><div class=\"swiper-slide\" role=\"group\" aria-roledescription=\"slide\" aria-label=\"2 of 7\"><figure class=\"swiper-slide-inner\"><img decoding=\"async\" class=\"swiper-slide-image\" src=\"https:\/\/tachuela.mx\/wp-content\/uploads\/2023\/06\/2-768x432.webp\" alt=\"Corner Center en construcci\u00f3n\" \/><\/figure><\/div><div class=\"swiper-slide\" role=\"group\" aria-roledescription=\"slide\" aria-label=\"3 of 7\"><figure class=\"swiper-slide-inner\"><img decoding=\"async\" class=\"swiper-slide-image\" src=\"https:\/\/tachuela.mx\/wp-content\/uploads\/2023\/06\/3-768x432.webp\" alt=\"Trabajador fotografiando Corner Center\" \/><\/figure><\/div><div class=\"swiper-slide\" role=\"group\" aria-roledescription=\"slide\" aria-label=\"4 of 7\"><figure class=\"swiper-slide-inner\"><img decoding=\"async\" class=\"swiper-slide-image\" src=\"https:\/\/tachuela.mx\/wp-content\/uploads\/2023\/06\/4-768x432.webp\" alt=\"Oficina de ventas y rentas de Corner Center\" \/><\/figure><\/div><div class=\"swiper-slide\" role=\"group\" aria-roledescription=\"slide\" aria-label=\"5 of 7\"><figure class=\"swiper-slide-inner\"><img decoding=\"async\" class=\"swiper-slide-image\" src=\"https:\/\/tachuela.mx\/wp-content\/uploads\/2023\/06\/5-768x432.webp\" alt=\"Planta baja de Corner Center\" \/><\/figure><\/div><div class=\"swiper-slide\" role=\"group\" aria-roledescription=\"slide\" aria-label=\"6 of 7\"><figure class=\"swiper-slide-inner\"><img decoding=\"async\" class=\"swiper-slide-image\" src=\"https:\/\/tachuela.mx\/wp-content\/uploads\/2023\/06\/6-768x432.webp\" alt=\"\u00c1rea de comida de Corner Center\" \/><\/figure><\/div><div class=\"swiper-slide\" role=\"group\" aria-roledescription=\"slide\" aria-label=\"7 of 7\"><figure class=\"swiper-slide-inner\"><img decoding=\"async\" class=\"swiper-slide-image\" src=\"https:\/\/tachuela.mx\/wp-content\/uploads\/2023\/06\/7-768x432.webp\" alt=\"Imagen principal de Corner Center\" \/><\/figure><\/div>\t\t\t<\/div>\n\t\t\t\t\t\t\t\t\t\t\t\t<div class=\"elementor-swiper-button elementor-swiper-button-prev\" role=\"button\" tabindex=\"0\">\n\t\t\t\t\t\t<svg aria-hidden=\"true\" class=\"e-font-icon-svg e-eicon-chevron-left\" viewBox=\"0 0 1000 1000\" xmlns=\"http:\/\/www.w3.org\/2000\/svg\"><path d=\"M646 125C629 125 613 133 604 142L308 442C296 454 292 471 292 487 292 504 296 521 308 533L604 854C617 867 629 875 646 875 663 875 679 871 692 858 704 846 713 829 713 812 713 796 708 779 692 767L438 487 692 225C700 217 708 204 708 187 708 171 704 154 692 142 675 129 663 125 646 125Z\"><\/path><\/svg>\t\t\t\t\t<\/div>\n\t\t\t\t\t<div class=\"elementor-swiper-button elementor-swiper-button-next\" role=\"button\" tabindex=\"0\">\n\t\t\t\t\t\t<svg aria-hidden=\"true\" class=\"e-font-icon-svg e-eicon-chevron-right\" viewBox=\"0 0 1000 1000\" xmlns=\"http:\/\/www.w3.org\/2000\/svg\"><path d=\"M696 533C708 521 713 504 713 487 713 471 708 454 696 446L400 146C388 133 375 125 354 125 338 125 325 129 313 142 300 154 292 171 292 187 292 204 296 221 308 233L563 492 304 771C292 783 288 800 288 817 288 833 296 850 308 863 321 871 338 875 354 875 371 875 388 867 400 854L696 533Z\"><\/path><\/svg>\t\t\t\t\t<\/div>\n\t\t\t\t\n\t\t\t\t\t\t\t\t\t<div class=\"swiper-pagination\"><\/div>\n\t\t\t\t\t\t\t\t\t<\/div>\n\t\t\t\t\t\t<\/div>\n\t\t\t\t<\/div>\n\t\t\t\t\t<\/div>\n\t\t\t\t<\/div>\n\t\t<div class=\"elementor-element elementor-element-6c0cdb0 e-grid e-con-boxed e-con e-parent\" data-id=\"6c0cdb0\" data-element_type=\"container\">\n\t\t\t\t\t<div class=\"e-con-inner\">\n\t\t<div class=\"elementor-element elementor-element-cd7c43e e-con-full e-flex e-con e-child\" data-id=\"cd7c43e\" data-element_type=\"container\">\n\t\t\t\t<div class=\"elementor-element elementor-element-8531fa8 elementor-widget elementor-widget-heading\" data-id=\"8531fa8\" data-element_type=\"widget\" data-widget_type=\"heading.default\">\n\t\t\t\t<div class=\"elementor-widget-container\">\n\t\t\t\t\t<h2 class=\"elementor-heading-title elementor-size-default\">Resultados<\/h2>\t\t\t\t<\/div>\n\t\t\t\t<\/div>\n\t\t\t\t<div class=\"elementor-element elementor-element-c8737c6 elementor-widget elementor-widget-text-editor\" data-id=\"c8737c6\" data-element_type=\"widget\" data-widget_type=\"text-editor.default\">\n\t\t\t\t<div class=\"elementor-widget-container\">\n\t\t\t\t\t\t\t\t\t<b>Del 1 de octubre de 2023 al 1 de octubre de 2024, logramos:<\/b>\n<ul style=\"margin-left: 20px; list-style-type: disc;\">\n \t<li aria-level=\"1\"><b>Consolidaci\u00f3n de marca<\/b>\u00a0en el mercado local, destacando en palabras clave como \u00abAICME\u00bb y \u00abdesarrollos inmobiliarios en Canc\u00fan\u00bb.<\/li>\n \t<li aria-level=\"1\"><b>Reducci\u00f3n del Costo por Adquisici\u00f3n de leadsCPA en un 80%:<\/b>\n<ul>\n \t<li aria-level=\"2\">Leads locales: $222 MXN (promedio de mercado: $950 MXN).<\/li>\n \t<li aria-level=\"2\">Leads for\u00e1neos: $112 MXN.<\/li>\n<\/ul>\n<\/li>\n \t<li aria-level=\"1\"><b>Incremento de tr\u00e1fico en un 24% interanual<\/b>\u00a0(noviembre 2024 vs. noviembre 2023), liderado por palabras clave como \u00abdesarrollos inmobiliarios en Canc\u00fan\u00bb.<\/li>\n \t<li aria-level=\"1\">M\u00e1s de\u00a0<b>1,000 impresiones mensuales<\/b>\u00a0en la landing de \u00abDesarrolladores inmobiliarios en Canc\u00fan\u00bb.<\/li>\n \t<li aria-level=\"1\"><b>Crecimiento del tr\u00e1fico org\u00e1nico<\/b>\u00a0en las ciudades clave de Canc\u00fan, Playa del Carmen, Chetumal y M\u00e9rida.<\/li>\n \t<li aria-level=\"1\">Tiempo promedio de interacci\u00f3n en el sitio de\u00a0<b>3 minutos y medio<\/b>, reflejando un alto compromiso del usuario.<\/li>\n<\/ul>\t\t\t\t\t\t\t\t<\/div>\n\t\t\t\t<\/div>\n\t\t\t\t<\/div>\n\t\t<div class=\"elementor-element elementor-element-7e92c54 e-con-full e-flex e-con e-child\" data-id=\"7e92c54\" data-element_type=\"container\">\n\t\t\t\t<div class=\"elementor-element elementor-element-139b923 elementor-widget elementor-widget-heading\" data-id=\"139b923\" data-element_type=\"widget\" data-widget_type=\"heading.default\">\n\t\t\t\t<div class=\"elementor-widget-container\">\n\t\t\t\t\t<h2 class=\"elementor-heading-title elementor-size-default\">Conclusi\u00f3n<\/h2>\t\t\t\t<\/div>\n\t\t\t\t<\/div>\n\t\t\t\t<div class=\"elementor-element elementor-element-ca3c49c elementor-widget elementor-widget-text-editor\" data-id=\"ca3c49c\" data-element_type=\"widget\" data-widget_type=\"text-editor.default\">\n\t\t\t\t<div class=\"elementor-widget-container\">\n\t\t\t\t\t\t\t\t\t<p>Gracias a un enfoque integralestrat\u00e9gico en SEO, PPC y branding, AICME ha solidificado su posici\u00f3n como l\u00edder en desarrollos inmobiliarios en Canc\u00fan y la Riviera Maya. Los resultados obtenidos, como el incremento del tr\u00e1fico org\u00e1nico, la reducci\u00f3n del CPA y el posicionamiento en palabras clave del sector, demuestran c\u00f3mo una visi\u00f3n integral puede transformar los desaf\u00edos en \u00e9xitos medibles y sostenibles. Este caso subraya la importancia de utilizar herramientas avanzadas y estrategias personalizadas para destacar en un mercado altamente competitivo como el inmobiliario.<\/p><p>Si est\u00e1s buscando replicar estos resultados y llevar tu marca inmobiliaria al siguiente nivel, en\u00a0<a href=\"https:\/\/tachuela.mx\/\"><b>Tachuela Marketing<\/b><\/a>\u00a0estamos listos para ayudarte. Nuestra agencia, especializada en estrategias\u00a0<a href=\"https:\/\/tachuela.mx\/performance\/\"><b>data-driven<\/b><\/a>, combina an\u00e1lisis profundo, creatividad y ejecuci\u00f3n impecable para optimizar campa\u00f1as y maximizar el retorno de tu inversi\u00f3n.<\/p><p>Ya sea que busques generar m\u00e1s leads calificados, posicionar tu marca en mercados clave o mejorar tu presencia digital, tenemos la experiencia y las herramientas para lograrlo.\u00a0<b>Cont\u00e1ctanos hoy y descubre c\u00f3mo podemos transformar tus retos en historias de \u00e9xito, igual que con\u00a0<\/b><a href=\"https:\/\/aicme.com.mx\/\" target=\"_blank\" rel=\"noopener\"><b>AICME<\/b><\/a><b>.<\/b>\u00a0\u00a1Estamos aqu\u00ed para ayudarte a construir el futuro de tu negocio inmobiliario!<\/p>\t\t\t\t\t\t\t\t<\/div>\n\t\t\t\t<\/div>\n\t\t\t\t<\/div>\n\t\t\t\t\t<\/div>\n\t\t\t\t<\/div>\n\t\t\t\t<\/div>\n\t\t","protected":false},"excerpt":{"rendered":"","protected":false},"author":1,"featured_media":0,"parent":16830,"menu_order":0,"comment_status":"closed","ping_status":"closed","template":"elementor_header_footer","meta":{"footnotes":""},"class_list":["post-17458","page","type-page","status-publish","hentry"],"acf":[],"_links":{"self":[{"href":"https:\/\/tachuela.mx\/en\/wp-json\/wp\/v2\/pages\/17458","targetHints":{"allow":["GET"]}}],"collection":[{"href":"https:\/\/tachuela.mx\/en\/wp-json\/wp\/v2\/pages"}],"about":[{"href":"https:\/\/tachuela.mx\/en\/wp-json\/wp\/v2\/types\/page"}],"author":[{"embeddable":true,"href":"https:\/\/tachuela.mx\/en\/wp-json\/wp\/v2\/users\/1"}],"replies":[{"embeddable":true,"href":"https:\/\/tachuela.mx\/en\/wp-json\/wp\/v2\/comments?post=17458"}],"version-history":[{"count":1,"href":"https:\/\/tachuela.mx\/en\/wp-json\/wp\/v2\/pages\/17458\/revisions"}],"predecessor-version":[{"id":17459,"href":"https:\/\/tachuela.mx\/en\/wp-json\/wp\/v2\/pages\/17458\/revisions\/17459"}],"up":[{"embeddable":true,"href":"https:\/\/tachuela.mx\/en\/wp-json\/wp\/v2\/pages\/16830"}],"wp:attachment":[{"href":"https:\/\/tachuela.mx\/en\/wp-json\/wp\/v2\/media?parent=17458"}],"curies":[{"name":"wp","href":"https:\/\/api.w.org\/{rel}","templated":true}]}}