{"id":17460,"date":"2025-12-29T11:27:54","date_gmt":"2025-12-29T16:27:54","guid":{"rendered":"https:\/\/tachuela.mx\/?page_id=17460"},"modified":"2025-12-30T11:52:13","modified_gmt":"2025-12-30T16:52:13","slug":"corner","status":"publish","type":"page","link":"https:\/\/tachuela.mx\/en\/success-stories\/corner\/","title":{"rendered":"Corner"},"content":{"rendered":"\t\t<div data-elementor-type=\"wp-page\" data-elementor-id=\"17460\" class=\"elementor elementor-17460 elementor-17130\" data-elementor-post-type=\"page\">\n\t\t\t\t<div class=\"elementor-element elementor-element-0cd1567 e-flex e-con-boxed e-con e-parent\" data-id=\"0cd1567\" data-element_type=\"container\">\n\t\t\t\t\t<div class=\"e-con-inner\">\n\t\t<div class=\"elementor-element elementor-element-5ed910a e-con-full e-flex e-con e-child\" data-id=\"5ed910a\" data-element_type=\"container\">\n\t\t\t\t<div class=\"elementor-element elementor-element-8af069b elementor-widget elementor-widget-heading\" data-id=\"8af069b\" data-element_type=\"widget\" data-widget_type=\"heading.default\">\n\t\t\t\t<div class=\"elementor-widget-container\">\n\t\t\t\t\t<h2 class=\"elementor-heading-title elementor-size-default\">Corner Center\n<\/h2>\t\t\t\t<\/div>\n\t\t\t\t<\/div>\n\t\t\t\t<\/div>\n\t\t<div class=\"elementor-element elementor-element-c14d062 e-con-full e-flex e-con e-child\" data-id=\"c14d062\" data-element_type=\"container\">\n\t\t\t\t<div class=\"elementor-element elementor-element-146964b elementor-widget elementor-widget-heading\" data-id=\"146964b\" data-element_type=\"widget\" data-widget_type=\"heading.default\">\n\t\t\t\t<div class=\"elementor-widget-container\">\n\t\t\t\t\t<h2 class=\"elementor-heading-title elementor-size-default\">Acerca del Proyecto<\/h2>\t\t\t\t<\/div>\n\t\t\t\t<\/div>\n\t\t\t\t<div class=\"elementor-element elementor-element-37671fc elementor-widget elementor-widget-heading\" data-id=\"37671fc\" data-element_type=\"widget\" data-widget_type=\"heading.default\">\n\t\t\t\t<div class=\"elementor-widget-container\">\n\t\t\t\t\t<h2 class=\"elementor-heading-title elementor-size-default\">Campa\u00f1as de conversi\u00f3n\n\n<\/h2>\t\t\t\t<\/div>\n\t\t\t\t<\/div>\n\t\t\t\t<div class=\"elementor-element elementor-element-2c4f47e icons elementor-widget elementor-widget-html\" data-id=\"2c4f47e\" data-element_type=\"widget\" data-widget_type=\"html.default\">\n\t\t\t\t<div class=\"elementor-widget-container\">\n\t\t\t\t\t<div class=\"icon-wrapper\">\r\n  <div class=\"icon icon-1\">\r\n  \t<i class=\"icon-multichannel\"><\/i>\r\n  <\/div>\r\n  <div class=\"icon icon-2\">\r\n  \t<i class=\"icon-planeacion-estrategica\"> <\/i>\r\n  <\/div>\r\n  <div class=\"icon icon-3\">\r\n  \t<i class=\"icon-content\"><\/i><\/div>\r\n  <\/div>\r\n  \r\n\r\n\t\t\t\t<\/div>\n\t\t\t\t<\/div>\n\t\t\t\t<\/div>\n\t\t\t\t\t<\/div>\n\t\t\t\t<\/div>\n\t\t<div class=\"elementor-element elementor-element-2270f2b e-grid e-con-boxed e-con e-parent\" data-id=\"2270f2b\" data-element_type=\"container\">\n\t\t\t\t\t<div class=\"e-con-inner\">\n\t\t<div class=\"elementor-element elementor-element-f7a121a e-con-full e-flex e-con e-child\" data-id=\"f7a121a\" data-element_type=\"container\">\n\t\t\t\t<div class=\"elementor-element elementor-element-d9e2802 elementor-widget elementor-widget-text-editor\" data-id=\"d9e2802\" data-element_type=\"widget\" data-widget_type=\"text-editor.default\">\n\t\t\t\t<div class=\"elementor-widget-container\">\n\t\t\t\t\t\t\t\t\t<p>Corner Center, un centro comercial ubicado en la zona con mayor crecimiento en Canc\u00fan, M\u00e9xico, buscaba aumentar la generaci\u00f3n de prospectos y decidi\u00f3 trabajar con Tachuela. Juntos, implementamos una estrategia efectiva que logr\u00f3 aumentar la tasa de conversi\u00f3n de prospectos a clientes. En este caso de \u00e9xito, te contamos c\u00f3mo lo logramos y c\u00f3mo puedes aplicar estas t\u00e1cticas en tu propio negocio.<\/p><p>Como parte de la estrategia, implementamos diferentes tipos de promociones de acuerdo a la etapa de construcci\u00f3n del proyecto. Estas promociones se comunicaron a trav\u00e9s de anuncios altamente personalizados y se aplicaron a audiencias espec\u00edficas. Como resultado, Corner Center logr\u00f3 atraer a m\u00e1s clientes potenciales en cada etapa del proyecto y aumentar la tasa de conversi\u00f3n a lo largo del tiempo.<\/p><p>Otra t\u00e1ctica importante que se implement\u00f3 fue la realizaci\u00f3n de campa\u00f1as geolocalizadas con el fin de generar visitas al showroom de Corner Center. Estas campa\u00f1as se dirigieron a posibles inversionistas que viv\u00edan o trabajaban en las zonas cercanas al centro comercial y que estaban interesadas en lugares similares a los que ofrec\u00eda Corner Center. Las campa\u00f1as se ejecutaron en diversas plataformas digitales, como Google Ads y Facebook Ads.<\/p>\t\t\t\t\t\t\t\t<\/div>\n\t\t\t\t<\/div>\n\t\t\t\t<\/div>\n\t\t<div class=\"elementor-element elementor-element-e76e0b5 e-con-full e-flex e-con e-child\" data-id=\"e76e0b5\" data-element_type=\"container\">\n\t\t\t\t<div class=\"elementor-element elementor-element-9289198 elementor-widget elementor-widget-text-editor\" data-id=\"9289198\" data-element_type=\"widget\" data-widget_type=\"text-editor.default\">\n\t\t\t\t<div class=\"elementor-widget-container\">\n\t\t\t\t\t\t\t\t\t<p>Gracias a estas t\u00e1cticas, Corner Center logr\u00f3 aumentar significativamente el n\u00famero de visitas al showroom y mejorar la tasa de conversi\u00f3n de prospectos en clientes. Adem\u00e1s, la informaci\u00f3n recopilada a trav\u00e9s de estas campa\u00f1as nos permiti\u00f3 optimizar la estrategia de marketing y mejorar el rendimiento de las campa\u00f1as en tiempo real.<\/p><p>A trav\u00e9s de an\u00e1lisis de mercado se identific\u00f3 que un porcentaje considerable de los inversores inmobiliarios en Canc\u00fan son mujeres. Es por eso que se decidi\u00f3 impulsar campa\u00f1as dirigidas espec\u00edficamente a este mercado. La estrategia incluy\u00f3 la creaci\u00f3n de anuncios enfocados en las necesidades y deseos de las mujeres en cuanto a la inversi\u00f3n inmobiliaria, as\u00ed como la implementaci\u00f3n de campa\u00f1as en redes sociales dirigidas a p\u00fablicos femeninos.<\/p><p>El resultado final fue un \u00e9xito rotundo: el equipo de ventas de Corner Center logr\u00f3 vender el 92% del proyecto antes de la finalizaci\u00f3n de la construcci\u00f3n. En este logro se evidenci\u00f3 no solo la efectividad de la estrategia de marketing digital implementada, sino tambi\u00e9n la importancia de la colaboraci\u00f3n entre el equipo de ventas y el equipo de marketing para lograr los objetivos comerciales de una empresa.<\/p>\t\t\t\t\t\t\t\t<\/div>\n\t\t\t\t<\/div>\n\t\t\t\t<\/div>\n\t\t\t\t\t<\/div>\n\t\t\t\t<\/div>\n\t\t<div class=\"elementor-element elementor-element-af50bb1 e-flex e-con-boxed e-con e-parent\" data-id=\"af50bb1\" data-element_type=\"container\">\n\t\t\t\t\t<div class=\"e-con-inner\">\n\t\t\t\t<div class=\"elementor-element elementor-element-5d3ce8d elementor-arrows-position-inside elementor-pagination-position-outside elementor-widget elementor-widget-image-carousel\" data-id=\"5d3ce8d\" data-element_type=\"widget\" data-settings=\"{&quot;slides_to_show&quot;:&quot;1&quot;,&quot;navigation&quot;:&quot;both&quot;,&quot;autoplay&quot;:&quot;yes&quot;,&quot;pause_on_hover&quot;:&quot;yes&quot;,&quot;pause_on_interaction&quot;:&quot;yes&quot;,&quot;autoplay_speed&quot;:5000,&quot;infinite&quot;:&quot;yes&quot;,&quot;effect&quot;:&quot;slide&quot;,&quot;speed&quot;:500}\" data-widget_type=\"image-carousel.default\">\n\t\t\t\t<div class=\"elementor-widget-container\">\n\t\t\t\t\t\t\t<div class=\"elementor-image-carousel-wrapper swiper\" role=\"region\" aria-roledescription=\"carousel\" aria-label=\"Carrusel de im\u00e1genes\" dir=\"ltr\">\n\t\t\t<div class=\"elementor-image-carousel swiper-wrapper\" aria-live=\"off\">\n\t\t\t\t\t\t\t\t<div class=\"swiper-slide\" role=\"group\" aria-roledescription=\"slide\" aria-label=\"1 of 7\"><figure class=\"swiper-slide-inner\"><img decoding=\"async\" class=\"swiper-slide-image\" src=\"https:\/\/tachuela.mx\/wp-content\/uploads\/2023\/06\/1-768x432.webp\" alt=\"Vista a\u00e9rea de Corner Center\" \/><\/figure><\/div><div class=\"swiper-slide\" role=\"group\" aria-roledescription=\"slide\" aria-label=\"2 of 7\"><figure class=\"swiper-slide-inner\"><img decoding=\"async\" class=\"swiper-slide-image\" src=\"https:\/\/tachuela.mx\/wp-content\/uploads\/2023\/06\/2-768x432.webp\" alt=\"Corner Center en construcci\u00f3n\" \/><\/figure><\/div><div class=\"swiper-slide\" role=\"group\" aria-roledescription=\"slide\" aria-label=\"3 of 7\"><figure class=\"swiper-slide-inner\"><img decoding=\"async\" class=\"swiper-slide-image\" src=\"https:\/\/tachuela.mx\/wp-content\/uploads\/2023\/06\/3-768x432.webp\" alt=\"Trabajador fotografiando Corner Center\" \/><\/figure><\/div><div class=\"swiper-slide\" role=\"group\" aria-roledescription=\"slide\" aria-label=\"4 of 7\"><figure class=\"swiper-slide-inner\"><img decoding=\"async\" class=\"swiper-slide-image\" src=\"https:\/\/tachuela.mx\/wp-content\/uploads\/2023\/06\/4-768x432.webp\" alt=\"Oficina de ventas y rentas de Corner Center\" \/><\/figure><\/div><div class=\"swiper-slide\" role=\"group\" aria-roledescription=\"slide\" aria-label=\"5 of 7\"><figure class=\"swiper-slide-inner\"><img decoding=\"async\" class=\"swiper-slide-image\" src=\"https:\/\/tachuela.mx\/wp-content\/uploads\/2023\/06\/5-768x432.webp\" alt=\"Planta baja de Corner Center\" \/><\/figure><\/div><div class=\"swiper-slide\" role=\"group\" aria-roledescription=\"slide\" aria-label=\"6 of 7\"><figure class=\"swiper-slide-inner\"><img decoding=\"async\" class=\"swiper-slide-image\" src=\"https:\/\/tachuela.mx\/wp-content\/uploads\/2023\/06\/6-768x432.webp\" alt=\"\u00c1rea de comida de Corner Center\" \/><\/figure><\/div><div class=\"swiper-slide\" role=\"group\" aria-roledescription=\"slide\" aria-label=\"7 of 7\"><figure class=\"swiper-slide-inner\"><img decoding=\"async\" class=\"swiper-slide-image\" src=\"https:\/\/tachuela.mx\/wp-content\/uploads\/2023\/06\/7-768x432.webp\" alt=\"Imagen principal de Corner Center\" \/><\/figure><\/div>\t\t\t<\/div>\n\t\t\t\t\t\t\t\t\t\t\t\t<div class=\"elementor-swiper-button elementor-swiper-button-prev\" role=\"button\" tabindex=\"0\">\n\t\t\t\t\t\t<svg aria-hidden=\"true\" class=\"e-font-icon-svg e-eicon-chevron-left\" viewBox=\"0 0 1000 1000\" xmlns=\"http:\/\/www.w3.org\/2000\/svg\"><path d=\"M646 125C629 125 613 133 604 142L308 442C296 454 292 471 292 487 292 504 296 521 308 533L604 854C617 867 629 875 646 875 663 875 679 871 692 858 704 846 713 829 713 812 713 796 708 779 692 767L438 487 692 225C700 217 708 204 708 187 708 171 704 154 692 142 675 129 663 125 646 125Z\"><\/path><\/svg>\t\t\t\t\t<\/div>\n\t\t\t\t\t<div class=\"elementor-swiper-button elementor-swiper-button-next\" role=\"button\" tabindex=\"0\">\n\t\t\t\t\t\t<svg aria-hidden=\"true\" class=\"e-font-icon-svg e-eicon-chevron-right\" viewBox=\"0 0 1000 1000\" xmlns=\"http:\/\/www.w3.org\/2000\/svg\"><path d=\"M696 533C708 521 713 504 713 487 713 471 708 454 696 446L400 146C388 133 375 125 354 125 338 125 325 129 313 142 300 154 292 171 292 187 292 204 296 221 308 233L563 492 304 771C292 783 288 800 288 817 288 833 296 850 308 863 321 871 338 875 354 875 371 875 388 867 400 854L696 533Z\"><\/path><\/svg>\t\t\t\t\t<\/div>\n\t\t\t\t\n\t\t\t\t\t\t\t\t\t<div class=\"swiper-pagination\"><\/div>\n\t\t\t\t\t\t\t\t\t<\/div>\n\t\t\t\t\t\t<\/div>\n\t\t\t\t<\/div>\n\t\t\t\t\t<\/div>\n\t\t\t\t<\/div>\n\t\t\t\t<\/div>\n\t\t","protected":false},"excerpt":{"rendered":"","protected":false},"author":1,"featured_media":0,"parent":16830,"menu_order":0,"comment_status":"closed","ping_status":"closed","template":"elementor_header_footer","meta":{"footnotes":""},"class_list":["post-17460","page","type-page","status-publish","hentry"],"acf":[],"_links":{"self":[{"href":"https:\/\/tachuela.mx\/en\/wp-json\/wp\/v2\/pages\/17460","targetHints":{"allow":["GET"]}}],"collection":[{"href":"https:\/\/tachuela.mx\/en\/wp-json\/wp\/v2\/pages"}],"about":[{"href":"https:\/\/tachuela.mx\/en\/wp-json\/wp\/v2\/types\/page"}],"author":[{"embeddable":true,"href":"https:\/\/tachuela.mx\/en\/wp-json\/wp\/v2\/users\/1"}],"replies":[{"embeddable":true,"href":"https:\/\/tachuela.mx\/en\/wp-json\/wp\/v2\/comments?post=17460"}],"version-history":[{"count":1,"href":"https:\/\/tachuela.mx\/en\/wp-json\/wp\/v2\/pages\/17460\/revisions"}],"predecessor-version":[{"id":17461,"href":"https:\/\/tachuela.mx\/en\/wp-json\/wp\/v2\/pages\/17460\/revisions\/17461"}],"up":[{"embeddable":true,"href":"https:\/\/tachuela.mx\/en\/wp-json\/wp\/v2\/pages\/16830"}],"wp:attachment":[{"href":"https:\/\/tachuela.mx\/en\/wp-json\/wp\/v2\/media?parent=17460"}],"curies":[{"name":"wp","href":"https:\/\/api.w.org\/{rel}","templated":true}]}}