{"id":17464,"date":"2025-12-29T11:39:30","date_gmt":"2025-12-29T16:39:30","guid":{"rendered":"https:\/\/tachuela.mx\/?page_id=17464"},"modified":"2025-12-30T11:54:03","modified_gmt":"2025-12-30T16:54:03","slug":"dintsa","status":"publish","type":"page","link":"https:\/\/tachuela.mx\/en\/success-stories\/dintsa\/","title":{"rendered":"Dintsa"},"content":{"rendered":"\t\t<div data-elementor-type=\"wp-page\" data-elementor-id=\"17464\" class=\"elementor elementor-17464 elementor-17149\" data-elementor-post-type=\"page\">\n\t\t\t\t<div class=\"elementor-element elementor-element-b0fb947 e-flex e-con-boxed e-con e-parent\" data-id=\"b0fb947\" data-element_type=\"container\">\n\t\t\t\t\t<div class=\"e-con-inner\">\n\t\t<div class=\"elementor-element elementor-element-74ad32d e-con-full e-flex e-con e-child\" data-id=\"74ad32d\" data-element_type=\"container\">\n\t\t\t\t<div class=\"elementor-element elementor-element-bea5d8f elementor-widget elementor-widget-heading\" data-id=\"bea5d8f\" data-element_type=\"widget\" data-widget_type=\"heading.default\">\n\t\t\t\t<div class=\"elementor-widget-container\">\n\t\t\t\t\t<h2 class=\"elementor-heading-title elementor-size-default\">DINTSA\n<\/h2>\t\t\t\t<\/div>\n\t\t\t\t<\/div>\n\t\t\t\t<\/div>\n\t\t<div class=\"elementor-element elementor-element-fa159e6 e-con-full e-flex e-con e-child\" data-id=\"fa159e6\" data-element_type=\"container\">\n\t\t\t\t<div class=\"elementor-element elementor-element-3273e6e elementor-widget elementor-widget-heading\" data-id=\"3273e6e\" data-element_type=\"widget\" data-widget_type=\"heading.default\">\n\t\t\t\t<div class=\"elementor-widget-container\">\n\t\t\t\t\t<h2 class=\"elementor-heading-title elementor-size-default\">Acerca del Proyecto<\/h2>\t\t\t\t<\/div>\n\t\t\t\t<\/div>\n\t\t\t\t<div class=\"elementor-element elementor-element-0134df9 elementor-widget elementor-widget-heading\" data-id=\"0134df9\" data-element_type=\"widget\" data-widget_type=\"heading.default\">\n\t\t\t\t<div class=\"elementor-widget-container\">\n\t\t\t\t\t<h2 class=\"elementor-heading-title elementor-size-default\">Generaci\u00f3n de Leads\n\n<\/h2>\t\t\t\t<\/div>\n\t\t\t\t<\/div>\n\t\t\t\t<div class=\"elementor-element elementor-element-5f9be08 icons elementor-widget elementor-widget-html\" data-id=\"5f9be08\" data-element_type=\"widget\" data-widget_type=\"html.default\">\n\t\t\t\t<div class=\"elementor-widget-container\">\n\t\t\t\t\t<div class=\"icon-wrapper\">\r\n  <div class=\"icon icon-1\">\r\n  \t<i class=\"icon-performance\"><\/i>\r\n  <\/div>\r\n  <div class=\"icon icon-2\">\r\n  \t<i class=\"icon-planeacion-estrategica\"> <\/i>\r\n  <\/div>\r\n  <div class=\"icon icon-3\">\r\n  \t<i class=\"icon-social-management\"><\/i><\/div>\r\n  <div class=\"icon icon-4\">\r\n  \t<i class=\"icon-big-data\"><\/i><\/div>\r\n  <\/div>\r\n  \r\n\r\n\t\t\t\t<\/div>\n\t\t\t\t<\/div>\n\t\t\t\t<\/div>\n\t\t\t\t\t<\/div>\n\t\t\t\t<\/div>\n\t\t<div class=\"elementor-element elementor-element-4f4870c e-grid e-con-boxed e-con e-parent\" data-id=\"4f4870c\" data-element_type=\"container\">\n\t\t\t\t\t<div class=\"e-con-inner\">\n\t\t<div class=\"elementor-element elementor-element-5bd7bfe e-con-full e-flex e-con e-child\" data-id=\"5bd7bfe\" data-element_type=\"container\">\n\t\t\t\t<div class=\"elementor-element elementor-element-1733264 elementor-widget elementor-widget-text-editor\" data-id=\"1733264\" data-element_type=\"widget\" data-widget_type=\"text-editor.default\">\n\t\t\t\t<div class=\"elementor-widget-container\">\n\t\t\t\t\t\t\t\t\t<p>Con 20 a\u00f1os de experiencia en el \u00e1rea de ventas, remodelaci\u00f3n y desarrollo de casas en Playa del Carmen, Canc\u00fan y Riviera Maya, Dintsa se posiciona como una empresa l\u00edder que mantiene la innovaci\u00f3n y competitividad de cada una de las viviendas que ofrecen.<\/p><p>Dintsa aument\u00f3 su presencia digital, a trav\u00e9s de plataformas como Google Ads, Facebook e Instagram que contribuyeron a la constante generaci\u00f3n de leads. Adem\u00e1s, se utilizaron medios externos con el objetivo de implementar mails masivos con etiquetados que mejoraron el open rate de las campa\u00f1as<\/p>\t\t\t\t\t\t\t\t<\/div>\n\t\t\t\t<\/div>\n\t\t\t\t<\/div>\n\t\t<div class=\"elementor-element elementor-element-cda10c5 e-con-full e-flex e-con e-child\" data-id=\"cda10c5\" data-element_type=\"container\">\n\t\t\t\t<div class=\"elementor-element elementor-element-3f94a8c elementor-widget elementor-widget-text-editor\" data-id=\"3f94a8c\" data-element_type=\"widget\" data-widget_type=\"text-editor.default\">\n\t\t\t\t<div class=\"elementor-widget-container\">\n\t\t\t\t\t\t\t\t\tCon esto se obtuvo durante el 1er trimestre de 2018:\n<ul style=\"margin-left:20px;list-style-type:disc;\">\n \t<li>Un CPA de $210<\/li>\n \t<li>55 MM de impresiones<\/li>\n \t<li>1658 clientes potenciales<\/li>\n<\/ul>\nQue lo mantuvo dentro de la comercializaci\u00f3n de propiedades que cumplen con los m\u00e1s altos est\u00e1ndares de calidad.\t\t\t\t\t\t\t\t<\/div>\n\t\t\t\t<\/div>\n\t\t\t\t<\/div>\n\t\t\t\t\t<\/div>\n\t\t\t\t<\/div>\n\t\t<div class=\"elementor-element elementor-element-bbdb576 e-flex e-con-boxed e-con e-parent\" data-id=\"bbdb576\" data-element_type=\"container\">\n\t\t\t\t\t<div class=\"e-con-inner\">\n\t\t\t\t<div class=\"elementor-element elementor-element-b2b8e5e elementor-arrows-position-inside elementor-pagination-position-outside elementor-widget elementor-widget-image-carousel\" data-id=\"b2b8e5e\" data-element_type=\"widget\" data-settings=\"{&quot;slides_to_show&quot;:&quot;1&quot;,&quot;navigation&quot;:&quot;both&quot;,&quot;autoplay&quot;:&quot;yes&quot;,&quot;pause_on_hover&quot;:&quot;yes&quot;,&quot;pause_on_interaction&quot;:&quot;yes&quot;,&quot;autoplay_speed&quot;:5000,&quot;infinite&quot;:&quot;yes&quot;,&quot;effect&quot;:&quot;slide&quot;,&quot;speed&quot;:500}\" data-widget_type=\"image-carousel.default\">\n\t\t\t\t<div class=\"elementor-widget-container\">\n\t\t\t\t\t\t\t<div class=\"elementor-image-carousel-wrapper swiper\" role=\"region\" aria-roledescription=\"carousel\" aria-label=\"Carrusel de im\u00e1genes\" dir=\"ltr\">\n\t\t\t<div class=\"elementor-image-carousel swiper-wrapper\" aria-live=\"off\">\n\t\t\t\t\t\t\t\t<div class=\"swiper-slide\" role=\"group\" aria-roledescription=\"slide\" aria-label=\"1 of 1\"><figure class=\"swiper-slide-inner\"><img decoding=\"async\" class=\"swiper-slide-image\" src=\"https:\/\/tachuela.mx\/wp-content\/uploads\/2023\/06\/dintsa-1-768x432.webp\" alt=\"dintsa\" \/><\/figure><\/div>\t\t\t<\/div>\n\t\t\t\t\t<\/div>\n\t\t\t\t\t\t<\/div>\n\t\t\t\t<\/div>\n\t\t\t\t\t<\/div>\n\t\t\t\t<\/div>\n\t\t\t\t<\/div>\n\t\t","protected":false},"excerpt":{"rendered":"","protected":false},"author":1,"featured_media":0,"parent":16830,"menu_order":0,"comment_status":"closed","ping_status":"closed","template":"elementor_header_footer","meta":{"footnotes":""},"class_list":["post-17464","page","type-page","status-publish","hentry"],"acf":[],"_links":{"self":[{"href":"https:\/\/tachuela.mx\/en\/wp-json\/wp\/v2\/pages\/17464","targetHints":{"allow":["GET"]}}],"collection":[{"href":"https:\/\/tachuela.mx\/en\/wp-json\/wp\/v2\/pages"}],"about":[{"href":"https:\/\/tachuela.mx\/en\/wp-json\/wp\/v2\/types\/page"}],"author":[{"embeddable":true,"href":"https:\/\/tachuela.mx\/en\/wp-json\/wp\/v2\/users\/1"}],"replies":[{"embeddable":true,"href":"https:\/\/tachuela.mx\/en\/wp-json\/wp\/v2\/comments?post=17464"}],"version-history":[{"count":1,"href":"https:\/\/tachuela.mx\/en\/wp-json\/wp\/v2\/pages\/17464\/revisions"}],"predecessor-version":[{"id":17465,"href":"https:\/\/tachuela.mx\/en\/wp-json\/wp\/v2\/pages\/17464\/revisions\/17465"}],"up":[{"embeddable":true,"href":"https:\/\/tachuela.mx\/en\/wp-json\/wp\/v2\/pages\/16830"}],"wp:attachment":[{"href":"https:\/\/tachuela.mx\/en\/wp-json\/wp\/v2\/media?parent=17464"}],"curies":[{"name":"wp","href":"https:\/\/api.w.org\/{rel}","templated":true}]}}