{"id":17466,"date":"2025-12-29T11:57:50","date_gmt":"2025-12-29T16:57:50","guid":{"rendered":"https:\/\/tachuela.mx\/?page_id=17466"},"modified":"2025-12-31T11:52:34","modified_gmt":"2025-12-31T16:52:34","slug":"gruporegio","status":"publish","type":"page","link":"https:\/\/tachuela.mx\/en\/success-stories\/gruporegio\/","title":{"rendered":"Grupo Regio"},"content":{"rendered":"\t\t<div data-elementor-type=\"wp-page\" data-elementor-id=\"17466\" class=\"elementor elementor-17466 elementor-17158\" data-elementor-post-type=\"page\">\n\t\t\t\t<div class=\"elementor-element elementor-element-d38df7a e-flex e-con-boxed e-con e-parent\" data-id=\"d38df7a\" data-element_type=\"container\">\n\t\t\t\t\t<div class=\"e-con-inner\">\n\t\t<div class=\"elementor-element elementor-element-010a94e e-con-full e-flex e-con e-child\" data-id=\"010a94e\" data-element_type=\"container\">\n\t\t\t\t<div class=\"elementor-element elementor-element-eee5987 elementor-widget elementor-widget-heading\" data-id=\"eee5987\" data-element_type=\"widget\" data-widget_type=\"heading.default\">\n\t\t\t\t<div class=\"elementor-widget-container\">\n\t\t\t\t\t<h2 class=\"elementor-heading-title elementor-size-default\">Grupo Regio\n<\/h2>\t\t\t\t<\/div>\n\t\t\t\t<\/div>\n\t\t\t\t<\/div>\n\t\t<div class=\"elementor-element elementor-element-c9a9b04 e-con-full e-flex e-con e-child\" data-id=\"c9a9b04\" data-element_type=\"container\">\n\t\t\t\t<div class=\"elementor-element elementor-element-4445fcc elementor-widget elementor-widget-heading\" data-id=\"4445fcc\" data-element_type=\"widget\" data-widget_type=\"heading.default\">\n\t\t\t\t<div class=\"elementor-widget-container\">\n\t\t\t\t\t<h2 class=\"elementor-heading-title elementor-size-default\">Acerca del Proyecto<\/h2>\t\t\t\t<\/div>\n\t\t\t\t<\/div>\n\t\t\t\t<div class=\"elementor-element elementor-element-f89462e elementor-widget elementor-widget-heading\" data-id=\"f89462e\" data-element_type=\"widget\" data-widget_type=\"heading.default\">\n\t\t\t\t<div class=\"elementor-widget-container\">\n\t\t\t\t\t<h2 class=\"elementor-heading-title elementor-size-default\">Penetraci\u00f3n de mercado\n\n<\/h2>\t\t\t\t<\/div>\n\t\t\t\t<\/div>\n\t\t\t\t<div class=\"elementor-element elementor-element-a1f1f61 icons elementor-widget elementor-widget-html\" data-id=\"a1f1f61\" data-element_type=\"widget\" data-widget_type=\"html.default\">\n\t\t\t\t<div class=\"elementor-widget-container\">\n\t\t\t\t\t<div class=\"icon-wrapper\">\r\n  <div class=\"icon icon-1\">\r\n  \t<i class=\"icon-multichannel\"><\/i>\r\n  <\/div>\r\n  <div class=\"icon icon-2\">\r\n  \t<i class=\"icon-planeacion-estrategica\"> <\/i>\r\n  <\/div>\r\n  <div class=\"icon icon-3\">\r\n  \t<i class=\"icon-content\"><\/i><\/div>\r\n  <\/div>\r\n  \r\n\r\n\t\t\t\t<\/div>\n\t\t\t\t<\/div>\n\t\t\t\t<\/div>\n\t\t\t\t\t<\/div>\n\t\t\t\t<\/div>\n\t\t<div class=\"elementor-element elementor-element-fa06e6a e-grid e-con-boxed e-con e-parent\" data-id=\"fa06e6a\" data-element_type=\"container\">\n\t\t\t\t\t<div class=\"e-con-inner\">\n\t\t<div class=\"elementor-element elementor-element-e47dca8 e-con-full e-flex e-con e-child\" data-id=\"e47dca8\" data-element_type=\"container\">\n\t\t\t\t<div class=\"elementor-element elementor-element-2d160bb elementor-widget elementor-widget-text-editor\" data-id=\"2d160bb\" data-element_type=\"widget\" data-widget_type=\"text-editor.default\">\n\t\t\t\t<div class=\"elementor-widget-container\">\n\t\t\t\t\t\t\t\t\t<p>En un mercado competitivo como Monterrey, es fundamental contar con una estrategia de marketing efectiva para penetrar y destacar. Tachuela logr\u00f3 ayudar a Grupo Regio, una imprenta l\u00edder en el sureste mexicano, a penetrar el mercado de Monterrey a trav\u00e9s de una estrategia personalizada y efectiva de marketing digital. En este caso de \u00e9xito, te contamos c\u00f3mo lo hicimos.<\/p><p>Grupo Regio lleg\u00f3 a Tachuela con el objetivo de aumentar las ventas y mejorar su posicionamiento SEO en el mercado de Monterrey. Al no tener una cartera de clientes, ni un equipo de ventas en esta ciudad, era necesario implementar una estrategia efectiva de marketing digital. Para lograrlo, Tachuela desarroll\u00f3 una estrategia personalizada para cada unidad de negocio de Grupo Regio.<\/p><p>En primer lugar, se identificaron las necesidades y requerimientos espec\u00edficos de cada unidad de negocio para generar micro audiencias. De esta manera, se logr\u00f3 un enfoque personalizado y efectivo para cada unidad de negocio, lo que permiti\u00f3 una mayor tasa de conversi\u00f3n. Adem\u00e1s, se realizaron pruebas A\/B para asegurar los mejores resultados en cuanto a tasas de conversi\u00f3n se refiere.<\/p><p>Otro objetivo importante de la estrategia implementada por Tachuela fue mejorar el posicionamiento SEO de Grupo Regio. Para lograrlo, se realizaron ajustes en el sitio web, se mejor\u00f3 la estructura y se implement\u00f3 una estrategia de contenidos optimizados para SEO. Gracias a estas acciones, Grupo Regio logr\u00f3 una mayor visibilidad en los motores de b\u00fasqueda, lo que result\u00f3 en un mayor tr\u00e1fico org\u00e1nico y, en \u00faltima instancia, en un mayor n\u00famero de ventas.<\/p>\t\t\t\t\t\t\t\t<\/div>\n\t\t\t\t<\/div>\n\t\t\t\t<\/div>\n\t\t<div class=\"elementor-element elementor-element-ed2d2e9 e-con-full e-flex e-con e-child\" data-id=\"ed2d2e9\" data-element_type=\"container\">\n\t\t\t\t<div class=\"elementor-element elementor-element-9baa4d6 elementor-widget elementor-widget-text-editor\" data-id=\"9baa4d6\" data-element_type=\"widget\" data-widget_type=\"text-editor.default\">\n\t\t\t\t<div class=\"elementor-widget-container\">\n\t\t\t\t\t\t\t\t\t<p>Por \u00faltimo, se gener\u00f3 una valiosa base de datos para futuras campa\u00f1as de marketing. Esto permiti\u00f3 a Grupo Regio mantener una comunicaci\u00f3n efectiva con sus clientes potenciales y actuales, lo que result\u00f3 en un mayor n\u00famero de ventas a largo plazo.<\/p><p>Los resultados de la estrategia implementada por Tachuela fueron altamente satisfactorios. Grupo Regio logr\u00f3 atraer a m\u00e1s de 180 nuevos clientes corporativos gracias a la estrategia personalizada y efectiva de marketing digital. Adem\u00e1s, se mejor\u00f3 el posicionamiento SEO de la empresa y se gener\u00f3 una valiosa base de datos para futuras campa\u00f1as de marketing. Sin duda, la estrategia implementada por Tachuela logr\u00f3 superar las expectativas del cliente y demostrar el poder del marketing digital efectivo.<\/p><p>\u00a0<\/p><ul><li aria-level=\"1\">Estrategia de marketing digital<\/li><li aria-level=\"1\">Penetraci\u00f3n de mercado<\/li><li aria-level=\"1\">Posicionamiento SEO<\/li><li aria-level=\"1\">Micro audiencias<\/li><li aria-level=\"1\">Pruebas A\/B<\/li><li aria-level=\"1\">Contenidos optimizados para SEO<\/li><li aria-level=\"1\">Base de datos<\/li><\/ul>\t\t\t\t\t\t\t\t<\/div>\n\t\t\t\t<\/div>\n\t\t\t\t<\/div>\n\t\t\t\t\t<\/div>\n\t\t\t\t<\/div>\n\t\t<div class=\"elementor-element elementor-element-6465f6e e-flex e-con-boxed e-con e-parent\" data-id=\"6465f6e\" data-element_type=\"container\">\n\t\t\t\t\t<div class=\"e-con-inner\">\n\t\t\t\t<div class=\"elementor-element elementor-element-3976d81 elementor-widget elementor-widget-video\" data-id=\"3976d81\" data-element_type=\"widget\" data-settings=\"{&quot;video_type&quot;:&quot;vimeo&quot;,&quot;autoplay&quot;:&quot;yes&quot;,&quot;play_on_mobile&quot;:&quot;yes&quot;,&quot;mute&quot;:&quot;yes&quot;,&quot;loop&quot;:&quot;yes&quot;}\" data-widget_type=\"video.default\">\n\t\t\t\t<div class=\"elementor-widget-container\">\n\t\t\t\t\t\t\t<div class=\"elementor-wrapper elementor-open-inline\">\n\t\t\t<iframe class=\"elementor-video-iframe\" allowfullscreen allow=\"autoplay\" title=\"vimeo Video Player\" src=\"https:\/\/player.vimeo.com\/video\/841307119?autoplay=1&amp;playsinline=1&amp;color&amp;autopause=0&amp;loop=1&amp;muted=1&amp;title=1&amp;portrait=1&amp;byline=1#t=\"><\/iframe>\t\t<\/div>\n\t\t\t\t\t\t<\/div>\n\t\t\t\t<\/div>\n\t\t\t\t\t<\/div>\n\t\t\t\t<\/div>\n\t\t\t\t<\/div>\n\t\t","protected":false},"excerpt":{"rendered":"<p>Grupo Regio Acerca del Proyecto Penetraci\u00f3n de mercado En un mercado competitivo como Monterrey, es fundamental contar con una estrategia de marketing efectiva para penetrar y destacar. Tachuela logr\u00f3 ayudar a Grupo Regio, una imprenta l\u00edder en el sureste mexicano, a penetrar el mercado de Monterrey a trav\u00e9s de una estrategia personalizada y efectiva de [&hellip;]<\/p>\n","protected":false},"author":1,"featured_media":0,"parent":16830,"menu_order":0,"comment_status":"closed","ping_status":"closed","template":"elementor_header_footer","meta":{"footnotes":""},"class_list":["post-17466","page","type-page","status-publish","hentry"],"acf":[],"_links":{"self":[{"href":"https:\/\/tachuela.mx\/en\/wp-json\/wp\/v2\/pages\/17466","targetHints":{"allow":["GET"]}}],"collection":[{"href":"https:\/\/tachuela.mx\/en\/wp-json\/wp\/v2\/pages"}],"about":[{"href":"https:\/\/tachuela.mx\/en\/wp-json\/wp\/v2\/types\/page"}],"author":[{"embeddable":true,"href":"https:\/\/tachuela.mx\/en\/wp-json\/wp\/v2\/users\/1"}],"replies":[{"embeddable":true,"href":"https:\/\/tachuela.mx\/en\/wp-json\/wp\/v2\/comments?post=17466"}],"version-history":[{"count":4,"href":"https:\/\/tachuela.mx\/en\/wp-json\/wp\/v2\/pages\/17466\/revisions"}],"predecessor-version":[{"id":17483,"href":"https:\/\/tachuela.mx\/en\/wp-json\/wp\/v2\/pages\/17466\/revisions\/17483"}],"up":[{"embeddable":true,"href":"https:\/\/tachuela.mx\/en\/wp-json\/wp\/v2\/pages\/16830"}],"wp:attachment":[{"href":"https:\/\/tachuela.mx\/en\/wp-json\/wp\/v2\/media?parent=17466"}],"curies":[{"name":"wp","href":"https:\/\/api.w.org\/{rel}","templated":true}]}}