{"id":17468,"date":"2025-12-29T12:27:45","date_gmt":"2025-12-29T17:27:45","guid":{"rendered":"https:\/\/tachuela.mx\/?page_id=17468"},"modified":"2025-12-30T12:11:58","modified_gmt":"2025-12-30T17:11:58","slug":"joya","status":"publish","type":"page","link":"https:\/\/tachuela.mx\/en\/success-stories\/joya\/","title":{"rendered":"Joya"},"content":{"rendered":"\t\t<div data-elementor-type=\"wp-page\" data-elementor-id=\"17468\" class=\"elementor elementor-17468 elementor-17177\" data-elementor-post-type=\"page\">\n\t\t\t\t<div class=\"elementor-element elementor-element-eb68413 e-flex e-con-boxed e-con e-parent\" data-id=\"eb68413\" data-element_type=\"container\">\n\t\t\t\t\t<div class=\"e-con-inner\">\n\t\t<div class=\"elementor-element elementor-element-987cf6c e-con-full e-flex e-con e-child\" data-id=\"987cf6c\" data-element_type=\"container\">\n\t\t\t\t<div class=\"elementor-element elementor-element-4b559c7 elementor-widget elementor-widget-heading\" data-id=\"4b559c7\" data-element_type=\"widget\" data-widget_type=\"heading.default\">\n\t\t\t\t<div class=\"elementor-widget-container\">\n\t\t\t\t\t<h2 class=\"elementor-heading-title elementor-size-default\">Cirque du Soleil JOY\u00c0\n<\/h2>\t\t\t\t<\/div>\n\t\t\t\t<\/div>\n\t\t\t\t<\/div>\n\t\t<div class=\"elementor-element elementor-element-3f72ffd e-con-full e-flex e-con e-child\" data-id=\"3f72ffd\" data-element_type=\"container\">\n\t\t\t\t<div class=\"elementor-element elementor-element-be8f059 elementor-widget elementor-widget-heading\" data-id=\"be8f059\" data-element_type=\"widget\" data-widget_type=\"heading.default\">\n\t\t\t\t<div class=\"elementor-widget-container\">\n\t\t\t\t\t<h2 class=\"elementor-heading-title elementor-size-default\">Acerca del Proyecto<\/h2>\t\t\t\t<\/div>\n\t\t\t\t<\/div>\n\t\t\t\t<div class=\"elementor-element elementor-element-64b4ddc elementor-widget elementor-widget-heading\" data-id=\"64b4ddc\" data-element_type=\"widget\" data-widget_type=\"heading.default\">\n\t\t\t\t<div class=\"elementor-widget-container\">\n\t\t\t\t\t<h2 class=\"elementor-heading-title elementor-size-default\">Marketing integrado 360\n\n<\/h2>\t\t\t\t<\/div>\n\t\t\t\t<\/div>\n\t\t\t\t<div class=\"elementor-element elementor-element-2868a8a icons elementor-widget elementor-widget-html\" data-id=\"2868a8a\" data-element_type=\"widget\" data-widget_type=\"html.default\">\n\t\t\t\t<div class=\"elementor-widget-container\">\n\t\t\t\t\t<div class=\"icon-wrapper\">\r\n  <div class=\"icon icon-2\">\r\n    <i class=\"icon-performance\"> <\/i>\r\n  <\/div>\r\n  <div class=\"icon icon-1\">\r\n  \t<i class=\"icon-multichannel\"><\/i>\r\n  <\/div>\r\n<\/div>\r\n  \r\n\r\n\t\t\t\t<\/div>\n\t\t\t\t<\/div>\n\t\t\t\t<\/div>\n\t\t\t\t\t<\/div>\n\t\t\t\t<\/div>\n\t\t<div class=\"elementor-element elementor-element-456fa26 e-grid e-con-boxed e-con e-parent\" data-id=\"456fa26\" data-element_type=\"container\">\n\t\t\t\t\t<div class=\"e-con-inner\">\n\t\t<div class=\"elementor-element elementor-element-e12aec5 e-con-full e-flex e-con e-child\" data-id=\"e12aec5\" data-element_type=\"container\">\n\t\t\t\t<div class=\"elementor-element elementor-element-a7300c6 elementor-widget elementor-widget-text-editor\" data-id=\"a7300c6\" data-element_type=\"widget\" data-widget_type=\"text-editor.default\">\n\t\t\t\t<div class=\"elementor-widget-container\">\n\t\t\t\t\t\t\t\t\t<p>Cirque du Soleil JOY\u00c0, la empresa de entretenimiento ubicada en la Riviera Maya, ha experimentado un gran \u00e9xito desde su apertura en 2014. Tachuela Marketing en colaboraci\u00f3n con el equipo creativo de Grupo Vidanta y Cirque du Soleil, implementamos una estrategia integral de marketing digital para destacar en el mercado del entretenimiento en Riviera Maya.<\/p><p>Ayudamos al espect\u00e1culo a obtener una s\u00f3lida presencia online. Desarrollamos una estrategia de marketing digital con una visi\u00f3n 360\u00ba que incluy\u00f3:<\/p><ul><li>Redes Sociales: Planificaci\u00f3n y an\u00e1lisis de contenidos<\/li><li>SEO (posicionamiento org\u00e1nico): Dise\u00f1o y optimizaci\u00f3n de la estrategia de posicionamiento org\u00e1nico.<\/li><li>SEM (marketing en buscadores): Google y Meta Ads.<\/li><\/ul><p>Estas iniciativas permitieron al Cirque du Soleil JOY\u00c0 llegar eficazmente a su p\u00fablico objetivo y aumentar la visibilidad de la marca en el mercado.<\/p><p>Una de las ventajas de las inversiones offline generadas fue la implementaci\u00f3n de una estrategia multicanal.<\/p>\t\t\t\t\t\t\t\t<\/div>\n\t\t\t\t<\/div>\n\t\t\t\t<\/div>\n\t\t<div class=\"elementor-element elementor-element-41bfa87 e-con-full e-flex e-con e-child\" data-id=\"41bfa87\" data-element_type=\"container\">\n\t\t\t\t<div class=\"elementor-element elementor-element-f8d8f0a elementor-widget elementor-widget-text-editor\" data-id=\"f8d8f0a\" data-element_type=\"widget\" data-widget_type=\"text-editor.default\">\n\t\t\t\t<div class=\"elementor-widget-container\">\n\t\t\t\t\t\t\t\t\t<p>Esta estrategia tuvo como factores clave la implementaci\u00f3n de c\u00f3digos QR y llamadas a la acci\u00f3n (CTA) en distintos materiales de venta, como revistas, carteles, pancartas y v\u00eddeos promocionales que aparecen en aeropuertos y otros puntos, como la Quinta Avenida de Nueva York.<\/p><p>Al escanear el c\u00f3digo QR, los clientes participaban en una ruleta en la que obten\u00edan diferentes regalos, como descuentos para el evento.<\/p><p>La aplicaci\u00f3n de esta estrategia permiti\u00f3 presentar m\u00e9tricas que generaron una amplia base de datos para futuras iniciativas de marketing. Adem\u00e1s de este logro, las ventas del teatro aumentaron desde la implementaci\u00f3n de la estrategia online y offline.<\/p><p>En conclusi\u00f3n, la estrategia de marketing integrada del Cirque du Soleil JOY\u00c0 y su implementaci\u00f3n de m\u00faltiples canales y plataformas de marketing permitieron al espect\u00e1culo alcanzar sus objetivos y destacar en un mercado altamente competitivo con su estrategia de marketing en la Riviera Maya.<\/p>\t\t\t\t\t\t\t\t<\/div>\n\t\t\t\t<\/div>\n\t\t\t\t<\/div>\n\t\t\t\t\t<\/div>\n\t\t\t\t<\/div>\n\t\t<div class=\"elementor-element elementor-element-12fdcb4 e-flex e-con-boxed e-con e-parent\" data-id=\"12fdcb4\" data-element_type=\"container\">\n\t\t\t\t\t<div class=\"e-con-inner\">\n\t\t\t\t<div class=\"elementor-element elementor-element-041a4f8 elementor-widget elementor-widget-video\" data-id=\"041a4f8\" data-element_type=\"widget\" data-settings=\"{&quot;video_type&quot;:&quot;vimeo&quot;,&quot;autoplay&quot;:&quot;yes&quot;,&quot;play_on_mobile&quot;:&quot;yes&quot;,&quot;mute&quot;:&quot;yes&quot;,&quot;loop&quot;:&quot;yes&quot;}\" data-widget_type=\"video.default\">\n\t\t\t\t<div class=\"elementor-widget-container\">\n\t\t\t\t\t\t\t<div class=\"elementor-wrapper elementor-open-inline\">\n\t\t\t<iframe class=\"elementor-video-iframe\" allowfullscreen allow=\"autoplay\" title=\"vimeo Video Player\" src=\"https:\/\/player.vimeo.com\/video\/841907546?autoplay=1&amp;playsinline=1&amp;color&amp;autopause=0&amp;loop=1&amp;muted=1&amp;title=1&amp;portrait=1&amp;byline=1#t=\"><\/iframe>\t\t<\/div>\n\t\t\t\t\t\t<\/div>\n\t\t\t\t<\/div>\n\t\t\t\t\t<\/div>\n\t\t\t\t<\/div>\n\t\t\t\t<\/div>\n\t\t","protected":false},"excerpt":{"rendered":"","protected":false},"author":1,"featured_media":0,"parent":16830,"menu_order":0,"comment_status":"closed","ping_status":"closed","template":"elementor_header_footer","meta":{"footnotes":""},"class_list":["post-17468","page","type-page","status-publish","hentry"],"acf":[],"_links":{"self":[{"href":"https:\/\/tachuela.mx\/en\/wp-json\/wp\/v2\/pages\/17468","targetHints":{"allow":["GET"]}}],"collection":[{"href":"https:\/\/tachuela.mx\/en\/wp-json\/wp\/v2\/pages"}],"about":[{"href":"https:\/\/tachuela.mx\/en\/wp-json\/wp\/v2\/types\/page"}],"author":[{"embeddable":true,"href":"https:\/\/tachuela.mx\/en\/wp-json\/wp\/v2\/users\/1"}],"replies":[{"embeddable":true,"href":"https:\/\/tachuela.mx\/en\/wp-json\/wp\/v2\/comments?post=17468"}],"version-history":[{"count":1,"href":"https:\/\/tachuela.mx\/en\/wp-json\/wp\/v2\/pages\/17468\/revisions"}],"predecessor-version":[{"id":17469,"href":"https:\/\/tachuela.mx\/en\/wp-json\/wp\/v2\/pages\/17468\/revisions\/17469"}],"up":[{"embeddable":true,"href":"https:\/\/tachuela.mx\/en\/wp-json\/wp\/v2\/pages\/16830"}],"wp:attachment":[{"href":"https:\/\/tachuela.mx\/en\/wp-json\/wp\/v2\/media?parent=17468"}],"curies":[{"name":"wp","href":"https:\/\/api.w.org\/{rel}","templated":true}]}}