{"id":17470,"date":"2025-12-29T12:49:38","date_gmt":"2025-12-29T17:49:38","guid":{"rendered":"https:\/\/tachuela.mx\/?page_id=17470"},"modified":"2025-12-30T12:12:59","modified_gmt":"2025-12-30T17:12:59","slug":"jungala","status":"publish","type":"page","link":"https:\/\/tachuela.mx\/en\/success-stories\/jungala\/","title":{"rendered":"Jungala"},"content":{"rendered":"\t\t<div data-elementor-type=\"wp-page\" data-elementor-id=\"17470\" class=\"elementor elementor-17470 elementor-17200\" data-elementor-post-type=\"page\">\n\t\t\t\t<div class=\"elementor-element elementor-element-514f0ca e-flex e-con-boxed e-con e-parent\" data-id=\"514f0ca\" data-element_type=\"container\">\n\t\t\t\t\t<div class=\"e-con-inner\">\n\t\t<div class=\"elementor-element elementor-element-d32e0f4 e-con-full e-flex e-con e-child\" data-id=\"d32e0f4\" data-element_type=\"container\">\n\t\t\t\t<div class=\"elementor-element elementor-element-e5e86ac elementor-widget elementor-widget-heading\" data-id=\"e5e86ac\" data-element_type=\"widget\" data-widget_type=\"heading.default\">\n\t\t\t\t<div class=\"elementor-widget-container\">\n\t\t\t\t\t<h2 class=\"elementor-heading-title elementor-size-default\">Jungala Aqua Experience\n<\/h2>\t\t\t\t<\/div>\n\t\t\t\t<\/div>\n\t\t\t\t<\/div>\n\t\t<div class=\"elementor-element elementor-element-e39343a e-con-full e-flex e-con e-child\" data-id=\"e39343a\" data-element_type=\"container\">\n\t\t\t\t<div class=\"elementor-element elementor-element-bf284f7 elementor-widget elementor-widget-heading\" data-id=\"bf284f7\" data-element_type=\"widget\" data-widget_type=\"heading.default\">\n\t\t\t\t<div class=\"elementor-widget-container\">\n\t\t\t\t\t<h2 class=\"elementor-heading-title elementor-size-default\">Acerca del Proyecto<\/h2>\t\t\t\t<\/div>\n\t\t\t\t<\/div>\n\t\t\t\t<div class=\"elementor-element elementor-element-84a0d9b elementor-widget elementor-widget-heading\" data-id=\"84a0d9b\" data-element_type=\"widget\" data-widget_type=\"heading.default\">\n\t\t\t\t<div class=\"elementor-widget-container\">\n\t\t\t\t\t<h2 class=\"elementor-heading-title elementor-size-default\">Campa\u00f1a de Awareness e Inbound Marketing<\/h2>\t\t\t\t<\/div>\n\t\t\t\t<\/div>\n\t\t\t\t<div class=\"elementor-element elementor-element-4406b58 icons elementor-widget elementor-widget-html\" data-id=\"4406b58\" data-element_type=\"widget\" data-widget_type=\"html.default\">\n\t\t\t\t<div class=\"elementor-widget-container\">\n\t\t\t\t\t<div class=\"icon-wrapper\">\r\n  <div class=\"icon icon-2\">\r\n    <i class=\"icon-performance\"> <\/i>\r\n  <\/div>\r\n  <div class=\"icon icon-1\">\r\n  \t<i class=\"icon-multichannel\"><\/i>\r\n  <\/div>\r\n<\/div>\r\n  \r\n\r\n\t\t\t\t<\/div>\n\t\t\t\t<\/div>\n\t\t\t\t<\/div>\n\t\t\t\t\t<\/div>\n\t\t\t\t<\/div>\n\t\t<div class=\"elementor-element elementor-element-ea1afb2 e-grid e-con-boxed e-con e-parent\" data-id=\"ea1afb2\" data-element_type=\"container\">\n\t\t\t\t\t<div class=\"e-con-inner\">\n\t\t<div class=\"elementor-element elementor-element-2e18752 e-con-full e-flex e-con e-child\" data-id=\"2e18752\" data-element_type=\"container\">\n\t\t\t\t<div class=\"elementor-element elementor-element-6222b7e elementor-widget elementor-widget-text-editor\" data-id=\"6222b7e\" data-element_type=\"widget\" data-widget_type=\"text-editor.default\">\n\t\t\t\t<div class=\"elementor-widget-container\">\n\t\t\t\t\t\t\t\t\t<p>Jungala Aqua Experience es el exclusivo parque acu\u00e1tico de Grupo Vidanta, dise\u00f1ado para ofrecer una experiencia de lujo a los visitantes. Con toboganes emocionantes, una piscina de olas, un tranquilo r\u00edo, caba\u00f1as privadas, spa, restaurantes, bares y servicio de concierge, el parque ofrece una experiencia \u00fanica en medio de la naturaleza de la Riviera Maya.<\/p><p>Creamos una campa\u00f1a de Awareness enfocada en dar a conocer esta emocionante atracci\u00f3n tur\u00edstica a trav\u00e9s de su lanzamiento, con el objetivo de aumentar la conciencia entre turistas y residentes de la regi\u00f3n, para que puedan descubrir todo lo que este lugar tiene para ofrecer.<\/p><p>Diferentes formatos de videos digitales fueron utilizados para compartir la experiencia del parque con diversos p\u00fablicos. Estos se enfocaron en aquellos que estaban pr\u00f3ximos a viajar a la Riviera Maya y en personas que buscaban atracciones acu\u00e1ticas, mientras estaban de vacaciones.<\/p>\t\t\t\t\t\t\t\t<\/div>\n\t\t\t\t<\/div>\n\t\t\t\t<\/div>\n\t\t<div class=\"elementor-element elementor-element-b221502 e-con-full e-flex e-con e-child\" data-id=\"b221502\" data-element_type=\"container\">\n\t\t\t\t<div class=\"elementor-element elementor-element-457cb05 elementor-widget elementor-widget-text-editor\" data-id=\"457cb05\" data-element_type=\"widget\" data-widget_type=\"text-editor.default\">\n\t\t\t\t<div class=\"elementor-widget-container\">\n\t\t\t\t\t\t\t\t\t<p>Adem\u00e1s, se llevaron a cabo pruebas A\/B para identificar qu\u00e9 tipo de im\u00e1genes o videos funcionaban mejor. Reforzamos nuestros canales de inbound para generar ventas y asegurarnos de que nuestras campa\u00f1as se mostraran en el momento adecuado en el funnel del consumidor.<\/p><p>La campa\u00f1a tuvo resultados excepcionales al incrementar la visibilidad del parque, atraer a una mayor cantidad de visitantes y mejorar su experiencia. Desde entonces, hemos seguido trabajando en conjunto con Jungala Aqua Experience para asegurar la continuaci\u00f3n de su \u00e9xito.<\/p>\t\t\t\t\t\t\t\t<\/div>\n\t\t\t\t<\/div>\n\t\t\t\t<\/div>\n\t\t\t\t\t<\/div>\n\t\t\t\t<\/div>\n\t\t<div class=\"elementor-element elementor-element-c2fd6fe e-flex e-con-boxed e-con e-parent\" data-id=\"c2fd6fe\" data-element_type=\"container\">\n\t\t\t\t\t<div class=\"e-con-inner\">\n\t\t\t\t<div class=\"elementor-element elementor-element-0b1dae7 elementor-widget elementor-widget-video\" data-id=\"0b1dae7\" data-element_type=\"widget\" data-settings=\"{&quot;video_type&quot;:&quot;vimeo&quot;,&quot;autoplay&quot;:&quot;yes&quot;,&quot;play_on_mobile&quot;:&quot;yes&quot;,&quot;mute&quot;:&quot;yes&quot;,&quot;loop&quot;:&quot;yes&quot;}\" data-widget_type=\"video.default\">\n\t\t\t\t<div class=\"elementor-widget-container\">\n\t\t\t\t\t\t\t<div class=\"elementor-wrapper elementor-open-inline\">\n\t\t\t<iframe class=\"elementor-video-iframe\" allowfullscreen allow=\"autoplay\" title=\"vimeo Video Player\" src=\"https:\/\/player.vimeo.com\/video\/841909372?autoplay=1&amp;playsinline=1&amp;color&amp;autopause=0&amp;loop=1&amp;muted=1&amp;title=1&amp;portrait=1&amp;byline=1#t=\"><\/iframe>\t\t<\/div>\n\t\t\t\t\t\t<\/div>\n\t\t\t\t<\/div>\n\t\t\t\t\t<\/div>\n\t\t\t\t<\/div>\n\t\t\t\t<\/div>\n\t\t","protected":false},"excerpt":{"rendered":"","protected":false},"author":1,"featured_media":0,"parent":16830,"menu_order":0,"comment_status":"closed","ping_status":"closed","template":"elementor_header_footer","meta":{"footnotes":""},"class_list":["post-17470","page","type-page","status-publish","hentry"],"acf":[],"_links":{"self":[{"href":"https:\/\/tachuela.mx\/en\/wp-json\/wp\/v2\/pages\/17470","targetHints":{"allow":["GET"]}}],"collection":[{"href":"https:\/\/tachuela.mx\/en\/wp-json\/wp\/v2\/pages"}],"about":[{"href":"https:\/\/tachuela.mx\/en\/wp-json\/wp\/v2\/types\/page"}],"author":[{"embeddable":true,"href":"https:\/\/tachuela.mx\/en\/wp-json\/wp\/v2\/users\/1"}],"replies":[{"embeddable":true,"href":"https:\/\/tachuela.mx\/en\/wp-json\/wp\/v2\/comments?post=17470"}],"version-history":[{"count":1,"href":"https:\/\/tachuela.mx\/en\/wp-json\/wp\/v2\/pages\/17470\/revisions"}],"predecessor-version":[{"id":17471,"href":"https:\/\/tachuela.mx\/en\/wp-json\/wp\/v2\/pages\/17470\/revisions\/17471"}],"up":[{"embeddable":true,"href":"https:\/\/tachuela.mx\/en\/wp-json\/wp\/v2\/pages\/16830"}],"wp:attachment":[{"href":"https:\/\/tachuela.mx\/en\/wp-json\/wp\/v2\/media?parent=17470"}],"curies":[{"name":"wp","href":"https:\/\/api.w.org\/{rel}","templated":true}]}}