{"id":17472,"date":"2025-12-29T13:04:47","date_gmt":"2025-12-29T18:04:47","guid":{"rendered":"https:\/\/tachuela.mx\/?page_id=17472"},"modified":"2025-12-30T12:13:23","modified_gmt":"2025-12-30T17:13:23","slug":"kai","status":"publish","type":"page","link":"https:\/\/tachuela.mx\/en\/success-stories\/kai\/","title":{"rendered":"Kai"},"content":{"rendered":"\t\t<div data-elementor-type=\"wp-page\" data-elementor-id=\"17472\" class=\"elementor elementor-17472 elementor-17216\" data-elementor-post-type=\"page\">\n\t\t\t\t<div class=\"elementor-element elementor-element-4221322 e-flex e-con-boxed e-con e-parent\" data-id=\"4221322\" data-element_type=\"container\">\n\t\t\t\t\t<div class=\"e-con-inner\">\n\t\t<div class=\"elementor-element elementor-element-2bfacf1 e-con-full e-flex e-con e-child\" data-id=\"2bfacf1\" data-element_type=\"container\">\n\t\t\t\t<div class=\"elementor-element elementor-element-c8cdef4 elementor-widget elementor-widget-heading\" data-id=\"c8cdef4\" data-element_type=\"widget\" data-widget_type=\"heading.default\">\n\t\t\t\t<div class=\"elementor-widget-container\">\n\t\t\t\t\t<h2 class=\"elementor-heading-title elementor-size-default\">Kai\n<\/h2>\t\t\t\t<\/div>\n\t\t\t\t<\/div>\n\t\t\t\t<\/div>\n\t\t<div class=\"elementor-element elementor-element-d11ff46 e-con-full e-flex e-con e-child\" data-id=\"d11ff46\" data-element_type=\"container\">\n\t\t\t\t<div class=\"elementor-element elementor-element-43a794b elementor-widget elementor-widget-heading\" data-id=\"43a794b\" data-element_type=\"widget\" data-widget_type=\"heading.default\">\n\t\t\t\t<div class=\"elementor-widget-container\">\n\t\t\t\t\t<h2 class=\"elementor-heading-title elementor-size-default\">Acerca del Proyecto<\/h2>\t\t\t\t<\/div>\n\t\t\t\t<\/div>\n\t\t\t\t<div class=\"elementor-element elementor-element-f7951ac elementor-widget elementor-widget-heading\" data-id=\"f7951ac\" data-element_type=\"widget\" data-widget_type=\"heading.default\">\n\t\t\t\t<div class=\"elementor-widget-container\">\n\t\t\t\t\t<h2 class=\"elementor-heading-title elementor-size-default\">Posicionamiento TripAdvisory Awareness\n\n<\/h2>\t\t\t\t<\/div>\n\t\t\t\t<\/div>\n\t\t\t\t<div class=\"elementor-element elementor-element-8b6cf07 icons elementor-widget elementor-widget-html\" data-id=\"8b6cf07\" data-element_type=\"widget\" data-widget_type=\"html.default\">\n\t\t\t\t<div class=\"elementor-widget-container\">\n\t\t\t\t\t<div class=\"icon-wrapper\">\r\n  <div class=\"icon icon-1\">\r\n  \t<i class=\"icon-multichannel\"><\/i>\r\n  <\/div>\r\n  <div class=\"icon icon-2\">\r\n  \t<i class=\"icon-planeacion-estrategica\"> <\/i>\r\n  <\/div>\r\n  <div class=\"icon icon-3\">\r\n  \t<i class=\"icon-content\"><\/i><\/div>\r\n  <\/div>\r\n  \r\n\r\n\t\t\t\t<\/div>\n\t\t\t\t<\/div>\n\t\t\t\t<\/div>\n\t\t\t\t\t<\/div>\n\t\t\t\t<\/div>\n\t\t<div class=\"elementor-element elementor-element-0e84065 e-grid e-con-boxed e-con e-parent\" data-id=\"0e84065\" data-element_type=\"container\">\n\t\t\t\t\t<div class=\"e-con-inner\">\n\t\t<div class=\"elementor-element elementor-element-c76bc39 e-con-full e-flex e-con e-child\" data-id=\"c76bc39\" data-element_type=\"container\">\n\t\t\t\t<div class=\"elementor-element elementor-element-9db734c elementor-widget elementor-widget-text-editor\" data-id=\"9db734c\" data-element_type=\"widget\" data-widget_type=\"text-editor.default\">\n\t\t\t\t<div class=\"elementor-widget-container\">\n\t\t\t\t\t\t\t\t\t<p>Ante la apertura de Kai, un restaurante de comida japonesa en Canc\u00fan, se necesitaba posicionar la marca, atraer turistas y generar reservaciones.<\/p><p>Trabajamos en estrecha colaboraci\u00f3n con el equipo creativo de Kai para implementar una estrategia de marketing integral que incluy\u00f3 t\u00e9cnicas de marketing digital y algunas campa\u00f1as offline. En este caso de \u00e9xito, analizaremos algunas de las t\u00e1cticas que se implementaron y c\u00f3mo ayudaron a Kai a alcanzar sus objetivos.<\/p><p><b>P\u00e1gina web optimizada<\/b><\/p><p>La creaci\u00f3n de una p\u00e1gina web optimizada y f\u00e1cil de navegar. Ten\u00eda un dise\u00f1o atractivo y f\u00e1cil de usar. Ideal para el posicionamiento org\u00e1nico. Se incluyo La API de OpenTable para que se puedan generar reservas desde la p\u00e1gina web.<\/p><p><b>Plataformas de reservas y rese\u00f1as<\/b><\/p><p>Adem\u00e1s, se crearon los perfiles y\u00a0 llevaron a cabo campa\u00f1as de posicionamiento dentro de TripAdvisor y OpenTable,\u00a0 con el objetivo de destacar a Kai como la mejor opci\u00f3n de restaurante de comida japonesa e incrementar la visibilidad del restaurante en l\u00ednea. Estas campa\u00f1as capitalizaron las rese\u00f1as generadas por los comensales y ayudaron a posicionar a Kai como una opci\u00f3n atractiva y popular para los amantes de la comida japonesa.<\/p><p><b>T\u00e9cnicas de SEM y SEO<\/b><\/p><p>Fue realizada una investigaci\u00f3n detallada de palabras clave con el objetivo de identificar los t\u00e9rminos y frases que los clientes potenciales usar\u00edan al buscar restaurantes en Canc\u00fan. Con esta informaci\u00f3n, se crearon anuncios de b\u00fasqueda pagados y se optimiz\u00f3 el contenido en la p\u00e1gina web de Kai para mejorar su posicionamiento en los motores de b\u00fasqueda.<\/p>\t\t\t\t\t\t\t\t<\/div>\n\t\t\t\t<\/div>\n\t\t\t\t<\/div>\n\t\t<div class=\"elementor-element elementor-element-9d418f1 e-con-full e-flex e-con e-child\" data-id=\"9d418f1\" data-element_type=\"container\">\n\t\t\t\t<div class=\"elementor-element elementor-element-3e780c1 elementor-widget elementor-widget-text-editor\" data-id=\"3e780c1\" data-element_type=\"widget\" data-widget_type=\"text-editor.default\">\n\t\t\t\t<div class=\"elementor-widget-container\">\n\t\t\t\t\t\t\t\t\t<p>Se implement\u00f3 la creaci\u00f3n de micro audiencias. Esta t\u00e9cnica nos permiti\u00f3 dirigirnos a grupos de personas espec\u00edficas que eran m\u00e1s propensos a estar interesados en los servicios de Kai. Tambi\u00e9n se crearon pines en puntos geogr\u00e1ficos clave de Canc\u00fan.<\/p><p>La ubicaci\u00f3n fue\u00a0 en Canc\u00fan, Riviera Maya y a nivel nacional, considerando las tres verticales principales del negocio: el ambiente, la comida y la barra de sushi. Estas campa\u00f1as estuvieron dise\u00f1adas para atraer a diferentes audiencias, pruebas A\/B y aprovechar los momentos clave de la temporada tur\u00edstica.<\/p><p><b>Coordinaci\u00f3n influencers<\/b><\/p><p>Trabajamos en estrecha colaboraci\u00f3n con Kai para coordinar colaboraciones con diferentes influencers en redes sociales. Los influencers seleccionados compartieron contenido en sus plataformas para promocionar Kai, lo que permiti\u00f3 a la marca llegar a una audiencia m\u00e1s amplia y potencializar los esfuerzos de promoci\u00f3n.<\/p><p><b>Campa\u00f1as offline<\/b><\/p><p>Adem\u00e1s de las t\u00e1cticas de marketing digital, Tachuela tambi\u00e9n implement\u00f3 algunas campa\u00f1as offline para atraer a m\u00e1s clientes al restaurante.\u00a0 Flyers, Factsheets y algunos otros materiales dirigidos a los concierges de los hoteles o a las diferentes unidades de negocio que tiene el cliente.<\/p><p><b>Resultados<\/b><\/p><p>Gracias a la estrategia de marketing integral implementada, Kai logr\u00f3 aumentar su visibilidad en l\u00ednea y atraer a m\u00e1s clientes potenciales. El restaurante registr\u00f3 un aumento en las reservaciones y en la cantidad de rese\u00f1as y comentarios positivos en l\u00ednea.<\/p>\t\t\t\t\t\t\t\t<\/div>\n\t\t\t\t<\/div>\n\t\t\t\t<\/div>\n\t\t\t\t\t<\/div>\n\t\t\t\t<\/div>\n\t\t<div class=\"elementor-element elementor-element-a7b5f84 e-flex e-con-boxed e-con e-parent\" data-id=\"a7b5f84\" data-element_type=\"container\">\n\t\t\t\t\t<div class=\"e-con-inner\">\n\t\t\t\t<div class=\"elementor-element elementor-element-c2f7b4f elementor-widget elementor-widget-video\" data-id=\"c2f7b4f\" data-element_type=\"widget\" data-settings=\"{&quot;video_type&quot;:&quot;vimeo&quot;,&quot;autoplay&quot;:&quot;yes&quot;,&quot;play_on_mobile&quot;:&quot;yes&quot;,&quot;mute&quot;:&quot;yes&quot;,&quot;loop&quot;:&quot;yes&quot;}\" data-widget_type=\"video.default\">\n\t\t\t\t<div class=\"elementor-widget-container\">\n\t\t\t\t\t\t\t<div class=\"elementor-wrapper elementor-open-inline\">\n\t\t\t<iframe class=\"elementor-video-iframe\" allowfullscreen allow=\"autoplay\" title=\"vimeo Video Player\" src=\"https:\/\/player.vimeo.com\/video\/841330173?autoplay=1&amp;playsinline=1&amp;color&amp;autopause=0&amp;loop=1&amp;muted=1&amp;title=1&amp;portrait=1&amp;byline=1#t=\"><\/iframe>\t\t<\/div>\n\t\t\t\t\t\t<\/div>\n\t\t\t\t<\/div>\n\t\t\t\t\t<\/div>\n\t\t\t\t<\/div>\n\t\t\t\t<\/div>\n\t\t","protected":false},"excerpt":{"rendered":"","protected":false},"author":1,"featured_media":0,"parent":16830,"menu_order":0,"comment_status":"closed","ping_status":"closed","template":"elementor_header_footer","meta":{"footnotes":""},"class_list":["post-17472","page","type-page","status-publish","hentry"],"acf":[],"_links":{"self":[{"href":"https:\/\/tachuela.mx\/en\/wp-json\/wp\/v2\/pages\/17472","targetHints":{"allow":["GET"]}}],"collection":[{"href":"https:\/\/tachuela.mx\/en\/wp-json\/wp\/v2\/pages"}],"about":[{"href":"https:\/\/tachuela.mx\/en\/wp-json\/wp\/v2\/types\/page"}],"author":[{"embeddable":true,"href":"https:\/\/tachuela.mx\/en\/wp-json\/wp\/v2\/users\/1"}],"replies":[{"embeddable":true,"href":"https:\/\/tachuela.mx\/en\/wp-json\/wp\/v2\/comments?post=17472"}],"version-history":[{"count":1,"href":"https:\/\/tachuela.mx\/en\/wp-json\/wp\/v2\/pages\/17472\/revisions"}],"predecessor-version":[{"id":17473,"href":"https:\/\/tachuela.mx\/en\/wp-json\/wp\/v2\/pages\/17472\/revisions\/17473"}],"up":[{"embeddable":true,"href":"https:\/\/tachuela.mx\/en\/wp-json\/wp\/v2\/pages\/16830"}],"wp:attachment":[{"href":"https:\/\/tachuela.mx\/en\/wp-json\/wp\/v2\/media?parent=17472"}],"curies":[{"name":"wp","href":"https:\/\/api.w.org\/{rel}","templated":true}]}}