{"id":17474,"date":"2025-12-29T14:25:14","date_gmt":"2025-12-29T19:25:14","guid":{"rendered":"https:\/\/tachuela.mx\/?page_id=17474"},"modified":"2025-12-30T12:13:45","modified_gmt":"2025-12-30T17:13:45","slug":"ssiento","status":"publish","type":"page","link":"https:\/\/tachuela.mx\/en\/success-stories\/ssiento\/","title":{"rendered":"Ssiento"},"content":{"rendered":"\t\t<div data-elementor-type=\"wp-page\" data-elementor-id=\"17474\" class=\"elementor elementor-17474 elementor-17257\" data-elementor-post-type=\"page\">\n\t\t\t\t<div class=\"elementor-element elementor-element-0a049e6 e-flex e-con-boxed e-con e-parent\" data-id=\"0a049e6\" data-element_type=\"container\">\n\t\t\t\t\t<div class=\"e-con-inner\">\n\t\t<div class=\"elementor-element elementor-element-23cd8c6 e-con-full e-flex e-con e-child\" data-id=\"23cd8c6\" data-element_type=\"container\">\n\t\t\t\t<div class=\"elementor-element elementor-element-1a39466 elementor-widget elementor-widget-heading\" data-id=\"1a39466\" data-element_type=\"widget\" data-widget_type=\"heading.default\">\n\t\t\t\t<div class=\"elementor-widget-container\">\n\t\t\t\t\t<h2 class=\"elementor-heading-title elementor-size-default\">Ssiento.com\n<\/h2>\t\t\t\t<\/div>\n\t\t\t\t<\/div>\n\t\t\t\t<\/div>\n\t\t<div class=\"elementor-element elementor-element-85c5ff7 e-con-full e-flex e-con e-child\" data-id=\"85c5ff7\" data-element_type=\"container\">\n\t\t\t\t<div class=\"elementor-element elementor-element-982ed00 elementor-widget elementor-widget-heading\" data-id=\"982ed00\" data-element_type=\"widget\" data-widget_type=\"heading.default\">\n\t\t\t\t<div class=\"elementor-widget-container\">\n\t\t\t\t\t<h2 class=\"elementor-heading-title elementor-size-default\">Acerca del Proyecto<\/h2>\t\t\t\t<\/div>\n\t\t\t\t<\/div>\n\t\t\t\t<div class=\"elementor-element elementor-element-e7aa1df elementor-widget elementor-widget-heading\" data-id=\"e7aa1df\" data-element_type=\"widget\" data-widget_type=\"heading.default\">\n\t\t\t\t<div class=\"elementor-widget-container\">\n\t\t\t\t\t<h2 class=\"elementor-heading-title elementor-size-default\">Desarrollo de e-commerce\n\n<\/h2>\t\t\t\t<\/div>\n\t\t\t\t<\/div>\n\t\t\t\t<div class=\"elementor-element elementor-element-b3f3863 icons elementor-widget elementor-widget-html\" data-id=\"b3f3863\" data-element_type=\"widget\" data-widget_type=\"html.default\">\n\t\t\t\t<div class=\"elementor-widget-container\">\n\t\t\t\t\t<div class=\"icon-wrapper\">\r\n  <div class=\"icon icon-1\">\r\n  \t<i class=\"icon-performance\"><\/i>\r\n  <\/div>\r\n  <div class=\"icon icon-2\">\r\n    <i class=\"icon-content\"><\/i>\r\n  \t\r\n  <\/div>\r\n  <div class=\"icon icon-3\">\r\n    <i class=\"icon-planeacion-estrategica\"> <\/i>\r\n  <\/div>\r\n  <\/div>\r\n  \r\n\r\n\t\t\t\t<\/div>\n\t\t\t\t<\/div>\n\t\t\t\t<\/div>\n\t\t\t\t\t<\/div>\n\t\t\t\t<\/div>\n\t\t<div class=\"elementor-element elementor-element-4fe1eec e-grid e-con-boxed e-con e-parent\" data-id=\"4fe1eec\" data-element_type=\"container\">\n\t\t\t\t\t<div class=\"e-con-inner\">\n\t\t<div class=\"elementor-element elementor-element-2dcc818 e-con-full e-flex e-con e-child\" data-id=\"2dcc818\" data-element_type=\"container\">\n\t\t\t\t<div class=\"elementor-element elementor-element-13a4162 elementor-widget elementor-widget-text-editor\" data-id=\"13a4162\" data-element_type=\"widget\" data-widget_type=\"text-editor.default\">\n\t\t\t\t<div class=\"elementor-widget-container\">\n\t\t\t\t\t\t\t\t\t<p><a href=\"http:\/\/ssiento.com\/\" target=\"_blank\" rel=\"noopener\">ssiento.com<\/a>, una tienda en l\u00ednea de productos personalizados, se asoci\u00f3 con la agencia de marketing digital Tachuela para desarrollar su p\u00e1gina web y crear la infraestructura digital necesaria para abrir sucursales en diferentes ciudades de M\u00e9xico y Estados Unidos.<\/p><p>Una de las primeras tareas que Tachuela realiz\u00f3 fue generar una p\u00e1gina web optimizada y f\u00e1cil de usar que permitiera a los clientes personalizar sus productos en l\u00ednea. Adem\u00e1s, la p\u00e1gina web se optimiz\u00f3 para motores de b\u00fasqueda.<\/p><p>La estrategia de marketing digital integral implementada por Tachuela incluy\u00f3 una estrategia de optimizaci\u00f3n de motores de b\u00fasqueda (SEO), marketing en redes sociales, campa\u00f1as de correo electr\u00f3nico y publicidad en motores de b\u00fasqueda (SEM). Todas estas estrategias trabajaron juntas para aumentar el conocimiento de la marca y atraer a m\u00e1s clientes potenciales a\u00a0<a href=\"http:\/\/ssiento.com\/\" target=\"_blank\" rel=\"noopener\">ssiento.com<\/a>.<\/p><p>Gracias a la implementaci\u00f3n de esta estrategia de marketing digital,\u00a0<a href=\"http:\/\/ssiento.com\/\" target=\"_blank\" rel=\"noopener\">ssiento.com<\/a>\u00a0ha crecido 3X anualmente, y ha logrado un impresionante ROA de $18.5. El \u00e9xito de esta estrategia se puede atribuir a la capacidad de Tachuela y de\u00a0<a href=\"http:\/\/ssiento.com\/\" target=\"_blank\" rel=\"noopener\">ssiento.com<\/a>\u00a0para identificar y satisfacer las necesidades de los clientes.<\/p>\t\t\t\t\t\t\t\t<\/div>\n\t\t\t\t<\/div>\n\t\t\t\t<\/div>\n\t\t<div class=\"elementor-element elementor-element-21970e7 e-con-full e-flex e-con e-child\" data-id=\"21970e7\" data-element_type=\"container\">\n\t\t\t\t<div class=\"elementor-element elementor-element-51a4d5c elementor-widget elementor-widget-text-editor\" data-id=\"51a4d5c\" data-element_type=\"widget\" data-widget_type=\"text-editor.default\">\n\t\t\t\t<div class=\"elementor-widget-container\">\n\t\t\t\t\t\t\t\t\t<p>Para mantener este \u00e9xito, Tachuela debe seguir optimizando sus campa\u00f1as de SEM, asegur\u00e1ndose de que est\u00e9n dirigidas a las palabras clave adecuadas y que los anuncios sean atractivos para los clientes potenciales. Tambi\u00e9n es importante hacer pruebas A\/B regularmente para determinar qu\u00e9 estrategias publicitarias funcionan mejor y ajustar la campa\u00f1a en consecuencia.<\/p><p>Adem\u00e1s,\u00a0<a href=\"http:\/\/ssiento.com\/\" target=\"_blank\" rel=\"noopener\">ssiento.com<\/a>\u00a0debe seguir mejorando su sitio web para mejorar la tasa de conversi\u00f3n y, en \u00faltima instancia, aumentar el retorno de la inversi\u00f3n publicitaria. Un sitio web f\u00e1cil de navegar y una excelente experiencia de usuario pueden ayudar a atraer a m\u00e1s clientes potenciales y convertirlos en ventas.<\/p><p>En resumen, esta estrategia incluy\u00f3 una p\u00e1gina web optimizada, una estrategia de SEO, marketing en redes sociales, campa\u00f1as de correo electr\u00f3nico y publicidad en motores de b\u00fasqueda. Si\u00a0<a href=\"http:\/\/ssiento.com\/\" target=\"_blank\" rel=\"noopener\">ssiento.com<\/a>\u00a0sigue mejorando y optimizando su estrategia de marketing digital y su sitio web, est\u00e1 bien posicionada para seguir creciendo en el futuro.<\/p>\t\t\t\t\t\t\t\t<\/div>\n\t\t\t\t<\/div>\n\t\t\t\t<\/div>\n\t\t\t\t\t<\/div>\n\t\t\t\t<\/div>\n\t\t<div class=\"elementor-element elementor-element-ccefc7f e-flex e-con-boxed e-con e-parent\" data-id=\"ccefc7f\" data-element_type=\"container\">\n\t\t\t\t\t<div class=\"e-con-inner\">\n\t\t\t\t<div class=\"elementor-element elementor-element-fea2c78 elementor-widget elementor-widget-video\" data-id=\"fea2c78\" data-element_type=\"widget\" data-settings=\"{&quot;video_type&quot;:&quot;vimeo&quot;,&quot;autoplay&quot;:&quot;yes&quot;,&quot;play_on_mobile&quot;:&quot;yes&quot;,&quot;mute&quot;:&quot;yes&quot;,&quot;loop&quot;:&quot;yes&quot;}\" data-widget_type=\"video.default\">\n\t\t\t\t<div class=\"elementor-widget-container\">\n\t\t\t\t\t\t\t<div class=\"elementor-wrapper elementor-open-inline\">\n\t\t\t<iframe class=\"elementor-video-iframe\" allowfullscreen allow=\"autoplay\" title=\"vimeo Video Player\" src=\"https:\/\/player.vimeo.com\/video\/841360497?autoplay=1&amp;playsinline=1&amp;color&amp;autopause=0&amp;loop=1&amp;muted=1&amp;title=1&amp;portrait=1&amp;byline=1#t=\"><\/iframe>\t\t<\/div>\n\t\t\t\t\t\t<\/div>\n\t\t\t\t<\/div>\n\t\t\t\t\t<\/div>\n\t\t\t\t<\/div>\n\t\t\t\t<\/div>\n\t\t","protected":false},"excerpt":{"rendered":"","protected":false},"author":1,"featured_media":0,"parent":16830,"menu_order":0,"comment_status":"closed","ping_status":"closed","template":"elementor_header_footer","meta":{"footnotes":""},"class_list":["post-17474","page","type-page","status-publish","hentry"],"acf":[],"_links":{"self":[{"href":"https:\/\/tachuela.mx\/en\/wp-json\/wp\/v2\/pages\/17474","targetHints":{"allow":["GET"]}}],"collection":[{"href":"https:\/\/tachuela.mx\/en\/wp-json\/wp\/v2\/pages"}],"about":[{"href":"https:\/\/tachuela.mx\/en\/wp-json\/wp\/v2\/types\/page"}],"author":[{"embeddable":true,"href":"https:\/\/tachuela.mx\/en\/wp-json\/wp\/v2\/users\/1"}],"replies":[{"embeddable":true,"href":"https:\/\/tachuela.mx\/en\/wp-json\/wp\/v2\/comments?post=17474"}],"version-history":[{"count":1,"href":"https:\/\/tachuela.mx\/en\/wp-json\/wp\/v2\/pages\/17474\/revisions"}],"predecessor-version":[{"id":17475,"href":"https:\/\/tachuela.mx\/en\/wp-json\/wp\/v2\/pages\/17474\/revisions\/17475"}],"up":[{"embeddable":true,"href":"https:\/\/tachuela.mx\/en\/wp-json\/wp\/v2\/pages\/16830"}],"wp:attachment":[{"href":"https:\/\/tachuela.mx\/en\/wp-json\/wp\/v2\/media?parent=17474"}],"curies":[{"name":"wp","href":"https:\/\/api.w.org\/{rel}","templated":true}]}}